{"id":4963,"date":"2025-05-30T14:06:33","date_gmt":"2025-05-30T06:06:33","guid":{"rendered":"https:\/\/toquartz.com\/?page_id=4963"},"modified":"2025-09-29T11:30:11","modified_gmt":"2025-09-29T03:30:11","slug":"privacy-policy","status":"publish","type":"page","link":"https:\/\/toquartz.com\/tr\/privacy-policy\/","title":{"rendered":"Gizlilik Politikas\u0131"},"content":{"rendered":"<div data-elementor-type=\"wp-page\" data-elementor-id=\"4963\" class=\"elementor elementor-4963\" data-elementor-post-type=\"page\">\n\t\t\t\t<div class=\"elementor-element elementor-element-ae74ff4 e-flex e-con-boxed e-con e-parent\" data-id=\"ae74ff4\" data-element_type=\"container\">\n\t\t\t\t\t<div class=\"e-con-inner\">\n\t\t\t\t<div class=\"elementor-element elementor-element-ca40926 elementor-widget elementor-widget-heading\" data-id=\"ca40926\" data-element_type=\"widget\" data-widget_type=\"heading.default\">\n\t\t\t\t\t<h1 class=\"elementor-heading-title elementor-size-default\">Gizlilik Politikas\u0131<\/h1>\t\t\t\t<\/div>\n\t\t\t\t<div class=\"elementor-element elementor-element-657f30e elementor-widget__width-initial elementor-widget elementor-widget-text-editor\" data-id=\"657f30e\" data-element_type=\"widget\" data-widget_type=\"text-editor.default\">\n\t\t\t\t\t\t\t\t\t<p>TOQUARTZ\u00ae gizlili\u011finize ve ki\u015fisel bilgilerinizi bize hangi ama\u00e7la vermeyi tercih etti\u011finize de\u011fer verir ve sayg\u0131 duyar. Bilgilerinizin gizlili\u011fini korumay\u0131 taahh\u00fct ediyoruz ve web sitemiz arac\u0131l\u0131\u011f\u0131yla toplanan bilgileri herhangi bir \u00fc\u00e7\u00fcnc\u00fc tarafla payla\u015fm\u0131yor, satm\u0131yor veya kiralam\u0131yoruz. Gelecekte de bunu yapmay\u0131 d\u00fc\u015f\u00fcnm\u00fcyoruz.<\/p>\t\t\t\t\t\t\t\t<\/div>\n\t\t<div class=\"elementor-element elementor-element-317439e e-con-full e-flex e-con e-child\" data-id=\"317439e\" data-element_type=\"container\">\n\t\t\t\t<div class=\"elementor-element elementor-element-5365d00 elementor-widget elementor-widget-heading\" data-id=\"5365d00\" data-element_type=\"widget\" data-widget_type=\"heading.default\">\n\t\t\t\t\t<h2 class=\"elementor-heading-title elementor-size-default\">Toplanan Bilgiler<\/h2>\t\t\t\t<\/div>\n\t\t\t\t<div class=\"elementor-element elementor-element-150feeb elementor-widget elementor-widget-text-editor\" data-id=\"150feeb\" data-element_type=\"widget\" data-widget_type=\"text-editor.default\">\n\t\t\t\t\t\t\t\t\t<p>TOQUARTZ'a bilgi g\u00f6nderdi\u011finizde, ister bir \"mail to:\" ba\u011flant\u0131s\u0131 arac\u0131l\u0131\u011f\u0131yla bize e-posta g\u00f6ndererek ister web sitemizdeki bir ileti\u015fim formunu doldurarak, e-posta adresinizi ve g\u00f6n\u00fcll\u00fc olarak verdi\u011finiz di\u011fer bilgileri saklayabiliriz. Bu veriler, ilginizi \u00e7ekebilece\u011fini d\u00fc\u015f\u00fcnd\u00fc\u011f\u00fcm\u00fcz TOQUARTZ hizmetleri veya \u00e7\u00f6z\u00fcmleri hakk\u0131nda bilgi vermek amac\u0131yla sizinle e-posta, telefon veya posta yoluyla ileti\u015fim kurmak i\u00e7in kullan\u0131labilir. E-posta adresinizi veya sa\u011flad\u0131\u011f\u0131n\u0131z di\u011fer ki\u015fisel bilgileri herhangi bir \u00fc\u00e7\u00fcnc\u00fc tarafa satmayaca\u011f\u0131z.<\/p>\t\t\t\t\t\t\t\t<\/div>\n\t\t\t\t<\/div>\n\t\t<div class=\"elementor-element elementor-element-dce8869 e-con-full e-flex e-con e-child\" data-id=\"dce8869\" data-element_type=\"container\">\n\t\t\t\t<div class=\"elementor-element elementor-element-2eace8b elementor-widget elementor-widget-heading\" data-id=\"2eace8b\" data-element_type=\"widget\" data-widget_type=\"heading.default\">\n\t\t\t\t\t<h2 class=\"elementor-heading-title elementor-size-default\">Ba\u015fkalar\u0131 Taraf\u0131ndan Toplanan Bilgiler<\/h2>\t\t\t\t<\/div>\n\t\t\t\t<div class=\"elementor-element elementor-element-97c3ccc elementor-widget elementor-widget-text-editor\" data-id=\"97c3ccc\" data-element_type=\"widget\" data-widget_type=\"text-editor.default\">\n\t\t\t\t\t\t\t\t\t<p>Bu Gizlilik Politikas\u0131 yaln\u0131zca TOQUARTZ web sitesi i\u00e7in ge\u00e7erlidir ve sayfalar\u0131m\u0131zdan ba\u011flant\u0131 verilebilecek harici web siteleri i\u00e7in ge\u00e7erli de\u011fildir. TOQUARTZ, web sitemize veya web sitemizden ba\u011flant\u0131 verebilecek olanlar da dahil olmak \u00fczere di\u011fer web sitelerinin gizlilik politikalar\u0131ndan, uygulamalar\u0131ndan veya i\u00e7eri\u011finden sorumlu de\u011fildir. Bu harici ba\u011flant\u0131lar yaln\u0131zca bilgi kayna\u011f\u0131 olarak sa\u011flanm\u0131\u015ft\u0131r ve t\u00fcm kullan\u0131c\u0131lara ziyaret ettikleri di\u011fer web sitelerinin gizlilik politikalar\u0131na ba\u015fvurmalar\u0131n\u0131 tavsiye ederiz.<\/p>\t\t\t\t\t\t\t\t<\/div>\n\t\t\t\t<\/div>\n\t\t<div class=\"elementor-element elementor-element-ae11d5e e-con-full e-flex e-con e-child\" data-id=\"ae11d5e\" data-element_type=\"container\">\n\t\t\t\t<div class=\"elementor-element elementor-element-215ec71 elementor-widget elementor-widget-heading\" data-id=\"215ec71\" data-element_type=\"widget\" data-widget_type=\"heading.default\">\n\t\t\t\t\t<h2 class=\"elementor-heading-title elementor-size-default\">\u00c7erezler<\/h2>\t\t\t\t<\/div>\n\t\t\t\t<div class=\"elementor-element elementor-element-255de95 elementor-widget elementor-widget-text-editor\" data-id=\"255de95\" data-element_type=\"widget\" data-widget_type=\"text-editor.default\">\n\t\t\t\t\t\t\t\t\t<p>TOQUARTZ \u015fu anda web sitesinde \u00e7erez kullanmamakta veya \u00e7erez tabanl\u0131 izleme sistemleri kullanmamaktad\u0131r.<\/p>\t\t\t\t\t\t\t\t<\/div>\n\t\t\t\t<\/div>\n\t\t<div class=\"elementor-element elementor-element-06d22e1 e-con-full e-flex e-con e-child\" data-id=\"06d22e1\" data-element_type=\"container\">\n\t\t\t\t<div class=\"elementor-element elementor-element-9a1dbbe elementor-widget elementor-widget-heading\" data-id=\"9a1dbbe\" data-element_type=\"widget\" data-widget_type=\"heading.default\">\n\t\t\t\t\t<h2 class=\"elementor-heading-title elementor-size-default\">Ki\u015fisel Bilgilerin G\u00fcncellenmesi, D\u00fczeltilmesi veya Silinmesi<\/h2>\t\t\t\t<\/div>\n\t\t\t\t<div class=\"elementor-element elementor-element-61d9e5f elementor-widget elementor-widget-text-editor\" data-id=\"61d9e5f\" data-element_type=\"widget\" data-widget_type=\"text-editor.default\">\n\t\t\t\t\t\t\t\t\t<p>Daha \u00f6nce TOQUARTZ'a sa\u011flad\u0131\u011f\u0131n\u0131z ki\u015fisel bilgileri g\u00fcncellemek, d\u00fczeltmek veya kald\u0131r\u0131lmas\u0131n\u0131 talep etmek isterseniz, l\u00fctfen web sitemizde verilen ileti\u015fim adresine konu sat\u0131r\u0131nda \"Ki\u015fisel bilgileri kald\u0131r\" yazan bir e-posta g\u00f6nderin. Talebinizi zaman\u0131nda yerine getirmek i\u00e7in uygun ad\u0131mlar\u0131 ataca\u011f\u0131z.<\/p>\t\t\t\t\t\t\t\t<\/div>\n\t\t\t\t<\/div>\n\t\t<div class=\"elementor-element elementor-element-a7922ae e-con-full e-flex e-con e-child\" data-id=\"a7922ae\" data-element_type=\"container\">\n\t\t\t\t<div class=\"elementor-element elementor-element-f8f5e5e elementor-widget elementor-widget-heading\" data-id=\"f8f5e5e\" data-element_type=\"widget\" data-widget_type=\"heading.default\">\n\t\t\t\t\t<h2 class=\"elementor-heading-title elementor-size-default\">Yasal Olarak Zorunlu Bilgi \u0130f\u015fas\u0131<\/h2>\t\t\t\t<\/div>\n\t\t\t\t<div class=\"elementor-element elementor-element-1965248 elementor-widget elementor-widget-text-editor\" data-id=\"1965248\" data-element_type=\"widget\" data-widget_type=\"text-editor.default\">\n\t\t\t\t\t\t\t\t\t<p>TOQUARTZ, yasalar\u0131n gerektirmesi halinde veya iyi niyetle, yasal y\u00fck\u00fcml\u00fcl\u00fcklere uymak veya yasal haklar\u0131m\u0131z\u0131 korumak i\u00e7in b\u00f6yle bir eylemin gerekli oldu\u011funa inan\u0131rsak ki\u015fisel bilgileri if\u015fa edebilir.<\/p>\t\t\t\t\t\t\t\t<\/div>\n\t\t\t\t<\/div>\n\t\t<div class=\"elementor-element elementor-element-b6934cd e-con-full e-flex e-con e-child\" data-id=\"b6934cd\" data-element_type=\"container\">\n\t\t\t\t<div class=\"elementor-element elementor-element-f3c4a34 elementor-widget elementor-widget-heading\" data-id=\"f3c4a34\" data-element_type=\"widget\" data-widget_type=\"heading.default\">\n\t\t\t\t\t<h2 class=\"elementor-heading-title elementor-size-default\">Periyodik Politika De\u011fi\u015fiklikleri<\/h2>\t\t\t\t<\/div>\n\t\t\t\t<div class=\"elementor-element elementor-element-70ec426 elementor-widget elementor-widget-text-editor\" data-id=\"70ec426\" data-element_type=\"widget\" data-widget_type=\"text-editor.default\">\n\t\t\t\t\t\t\t\t\t<p>TOQUARTZ'\u0131n yasal gerekliliklerdeki de\u011fi\u015fiklikleri, veri i\u015fleme uygulamalar\u0131m\u0131z\u0131 veya teknolojideki geli\u015fmeleri yans\u0131tmak i\u00e7in bu Gizlilik Politikas\u0131n\u0131 periyodik olarak g\u00fcncelleyebilece\u011fini veya de\u011fi\u015ftirebilece\u011fini l\u00fctfen unutmay\u0131n. Bilgilerinizi nas\u0131l korudu\u011fumuz hakk\u0131nda bilgi sahibi olmak i\u00e7in bu sayfay\u0131 yer imlerine eklemenizi ve d\u00fczenli olarak g\u00f6zden ge\u00e7irmenizi \u00f6neririz.<\/p>\t\t\t\t\t\t\t\t<\/div>\n\t\t\t\t<\/div>\n\t\t<div class=\"elementor-element elementor-element-d2cd8c4 e-con-full e-flex e-con e-child\" data-id=\"d2cd8c4\" data-element_type=\"container\">\n\t\t\t\t<div class=\"elementor-element elementor-element-1e6f68e elementor-widget elementor-widget-heading\" data-id=\"1e6f68e\" data-element_type=\"widget\" data-widget_type=\"heading.default\">\n\t\t\t\t\t<h2 class=\"elementor-heading-title elementor-size-default\">Y\u00fcr\u00fcrl\u00fck Tarihi<\/h2>\t\t\t\t<\/div>\n\t\t\t\t<div class=\"elementor-element elementor-element-10eff7b elementor-widget elementor-widget-text-editor\" data-id=\"10eff7b\" data-element_type=\"widget\" data-widget_type=\"text-editor.default\">\n\t\t\t\t\t\t\t\t\t<p>Bu politika beyan\u0131 TOQUARTZ ad\u0131na d\u00fczenlenmi\u015ftir ve 1 May\u0131s 2012 tarihinden itibaren ge\u00e7erlidir. Bu Gizlilik Politikas\u0131n\u0131n yasal olarak ba\u011flay\u0131c\u0131 bir anla\u015fma te\u015fkil etmedi\u011fini, ancak uygulamalar\u0131m\u0131z\u0131n ve niyetlerimizin bir beyan\u0131 olarak tasarland\u0131\u011f\u0131n\u0131 l\u00fctfen unutmay\u0131n.<\/p>\t\t\t\t\t\t\t\t<\/div>\n\t\t\t\t<\/div>\n\t\t\t\t\t<\/div>\n\t\t\t\t<\/div>\n\t\t\t\t<\/div>","protected":false},"excerpt":{"rendered":"<p>Gizlilik Politikas\u0131 TOQUARTZ\u00ae gizlili\u011finize ve bize gizlili\u011finizi hangi ama\u00e7la vermeyi tercih etti\u011finize de\u011fer verir ve sayg\u0131 duyar [...]<\/p>","protected":false},"author":2,"featured_media":4964,"parent":0,"menu_order":0,"comment_status":"closed","ping_status":"closed","template":"elementor_header_footer","meta":{"_acf_changed":false,"site-sidebar-layout":"no-sidebar","site-content-layout":"","ast-site-content-layout":"full-width-container","site-content-style":"default","site-sidebar-style":"default","ast-global-header-display":"","ast-banner-title-visibility":"","ast-main-header-display":"","ast-hfb-above-header-display":"","ast-hfb-below-header-display":"","ast-hfb-mobile-header-display":"","site-post-title":"disabled","ast-breadcrumbs-content":"","ast-featured-img":"disabled","footer-sml-layout":"","theme-transparent-header-meta":"default","adv-header-id-meta":"","stick-header-meta":"default","header-above-stick-meta":"","header-main-stick-meta":"","header-below-stick-meta":"","astra-migrate-meta-layouts":"set","ast-page-background-enabled":"default","ast-page-background-meta":{"desktop":{"background-color":"var(--ast-global-color-5)","background-image":"","background-repeat":"repeat","background-position":"center center","background-size":"auto","background-attachment":"scroll","background-type":"","background-media":"","overlay-type":"","overlay-color":"","overlay-opacity":"","overlay-gradient":""},"tablet":{"background-color":"","background-image":"","background-repeat":"repeat","background-position":"center center","background-size":"auto","background-attachment":"scroll","background-type":"","background-media":"","overlay-type":"","overlay-color":"","overlay-opacity":"","overlay-gradient":""},"mobile":{"background-color":"","background-image":"","background-repeat":"repeat","background-position":"center center","background-size":"auto","background-attachment":"scroll","background-type":"","background-media":"","overlay-type":"","overlay-color":"","overlay-opacity":"","overlay-gradient":""}},"ast-content-background-meta":{"desktop":{"background-color":"var(--ast-global-color-4)","background-image":"","background-repeat":"repeat","background-position":"center center","background-size":"auto","background-attachment":"scroll","background-type":"","background-media":"","overlay-type":"","overlay-color":"","overlay-opacity":"","overlay-gradient":""},"tablet":{"background-color":"var(--ast-global-color-4)","background-image":"","background-repeat":"repeat","background-position":"center center","background-size":"auto","background-attachment":"scroll","background-type":"","background-media":"","overlay-type":"","overlay-color":"","overlay-opacity":"","overlay-gradient":""},"mobile":{"background-color":"var(--ast-global-color-4)","background-image":"","background-repeat":"repeat","background-position":"center center","background-size":"auto","background-attachment":"scroll","background-type":"","background-media":"","overlay-type":"","overlay-color":"","overlay-opacity":"","overlay-gradient":""}},"footnotes":""},"class_list":["post-4963","page","type-page","status-publish","has-post-thumbnail","hentry"],"acf":[],"yoast_head":"<!-- This site is optimized with the Yoast SEO Premium plugin v25.4 (Yoast SEO v25.4) - https:\/\/yoast.com\/wordpress\/plugins\/seo\/ -->\n<title>Privacy Policy \u2013 TOQUARTZ<\/title>\n<meta name=\"description\" content=\"TOQUARTZ\u00ae values your privacy, acknowledges your trust, and does not share collected data with third parties.\" \/>\n<meta name=\"robots\" content=\"index, follow, max-snippet:-1, max-image-preview:large, max-video-preview:-1\" \/>\n<link rel=\"canonical\" href=\"https:\/\/toquartz.com\/tr\/privacy-policy\/\" \/>\n<meta property=\"og:locale\" content=\"tr_TR\" \/>\n<meta property=\"og:type\" content=\"article\" \/>\n<meta property=\"og:title\" content=\"Privacy Policy\" \/>\n<meta property=\"og:description\" content=\"TOQUARTZ\u00ae values your privacy, acknowledges your trust, and does not share collected data with third parties.\" \/>\n<meta property=\"og:url\" content=\"https:\/\/toquartz.com\/tr\/privacy-policy\/\" \/>\n<meta property=\"og:site_name\" content=\"TOQUARTZ: Quartz Glass Solution\" \/>\n<meta property=\"article:modified_time\" content=\"2025-09-29T03:30:11+00:00\" \/>\n<meta property=\"og:image\" content=\"https:\/\/toquartz.com\/wp-content\/uploads\/2025\/05\/TOQUARTZ.webp\" \/>\n\t<meta property=\"og:image:width\" content=\"1280\" \/>\n\t<meta property=\"og:image:height\" content=\"1280\" \/>\n\t<meta property=\"og:image:type\" content=\"image\/webp\" \/>\n<meta name=\"twitter:card\" content=\"summary_large_image\" \/>\n<meta name=\"twitter:label1\" content=\"Tahmini okuma s\u00fcresi\" \/>\n\t<meta name=\"twitter:data1\" content=\"3 dakika\" \/>\n<script type=\"application\/ld+json\" class=\"yoast-schema-graph\">{\"@context\":\"https:\/\/schema.org\",\"@graph\":[{\"@type\":\"WebPage\",\"@id\":\"https:\/\/toquartz.com\/privacy-policy\/\",\"url\":\"https:\/\/toquartz.com\/privacy-policy\/\",\"name\":\"Privacy Policy \u2013 TOQUARTZ\",\"isPartOf\":{\"@id\":\"https:\/\/toquartz.com\/#website\"},\"primaryImageOfPage\":{\"@id\":\"https:\/\/toquartz.com\/privacy-policy\/#primaryimage\"},\"image\":{\"@id\":\"https:\/\/toquartz.com\/privacy-policy\/#primaryimage\"},\"thumbnailUrl\":\"https:\/\/toquartz.com\/wp-content\/uploads\/2025\/05\/TOQUARTZ.webp\",\"datePublished\":\"2025-05-30T06:06:33+00:00\",\"dateModified\":\"2025-09-29T03:30:11+00:00\",\"description\":\"TOQUARTZ\u00ae values your privacy, acknowledges your trust, and does not share collected data with third parties.\",\"breadcrumb\":{\"@id\":\"https:\/\/toquartz.com\/privacy-policy\/#breadcrumb\"},\"inLanguage\":\"tr\",\"potentialAction\":[{\"@type\":\"ReadAction\",\"target\":[\"https:\/\/toquartz.com\/privacy-policy\/\"]}]},{\"@type\":\"ImageObject\",\"inLanguage\":\"tr\",\"@id\":\"https:\/\/toquartz.com\/privacy-policy\/#primaryimage\",\"url\":\"https:\/\/toquartz.com\/wp-content\/uploads\/2025\/05\/TOQUARTZ.webp\",\"contentUrl\":\"https:\/\/toquartz.com\/wp-content\/uploads\/2025\/05\/TOQUARTZ.webp\",\"width\":1280,\"height\":1280,\"caption\":\"TOQUARTZ\"},{\"@type\":\"BreadcrumbList\",\"@id\":\"https:\/\/toquartz.com\/privacy-policy\/#breadcrumb\",\"itemListElement\":[{\"@type\":\"ListItem\",\"position\":1,\"name\":\"Home\",\"item\":\"https:\/\/toquartz.com\/\"},{\"@type\":\"ListItem\",\"position\":2,\"name\":\"Privacy Policy\"}]},{\"@type\":\"WebSite\",\"@id\":\"https:\/\/toquartz.com\/#website\",\"url\":\"https:\/\/toquartz.com\/\",\"name\":\"TOQUARTZ\",\"description\":\"\",\"publisher\":{\"@id\":\"https:\/\/toquartz.com\/#organization\"},\"potentialAction\":[{\"@type\":\"SearchAction\",\"target\":{\"@type\":\"EntryPoint\",\"urlTemplate\":\"https:\/\/toquartz.com\/?s={search_term_string}\"},\"query-input\":{\"@type\":\"PropertyValueSpecification\",\"valueRequired\":true,\"valueName\":\"search_term_string\"}}],\"inLanguage\":\"tr\"},{\"@type\":\"Organization\",\"@id\":\"https:\/\/toquartz.com\/#organization\",\"name\":\"TOQUARTZ\",\"url\":\"https:\/\/toquartz.com\/\",\"logo\":{\"@type\":\"ImageObject\",\"inLanguage\":\"tr\",\"@id\":\"https:\/\/toquartz.com\/#\/schema\/logo\/image\/\",\"url\":\"https:\/\/toquartz.com\/wp-content\/uploads\/2025\/02\/logo-2.png\",\"contentUrl\":\"https:\/\/toquartz.com\/wp-content\/uploads\/2025\/02\/logo-2.png\",\"width\":583,\"height\":151,\"caption\":\"TOQUARTZ\"},\"image\":{\"@id\":\"https:\/\/toquartz.com\/#\/schema\/logo\/image\/\"}}]}<\/script>\n<!-- \/ Yoast SEO Premium plugin. -->","yoast_head_json":{"title":"Gizlilik Politikas\u0131 - TOQUARTZ","description":"TOQUARTZ\u00ae gizlili\u011finize de\u011fer verir, g\u00fcveninizi kabul eder ve toplanan verileri \u00fc\u00e7\u00fcnc\u00fc taraflarla payla\u015fmaz.","robots":{"index":"index","follow":"follow","max-snippet":"max-snippet:-1","max-image-preview":"max-image-preview:large","max-video-preview":"max-video-preview:-1"},"canonical":"https:\/\/toquartz.com\/tr\/privacy-policy\/","og_locale":"tr_TR","og_type":"article","og_title":"Privacy Policy","og_description":"TOQUARTZ\u00ae values your privacy, acknowledges your trust, and does not share collected data with third parties.","og_url":"https:\/\/toquartz.com\/tr\/privacy-policy\/","og_site_name":"TOQUARTZ: Quartz Glass Solution","article_modified_time":"2025-09-29T03:30:11+00:00","og_image":[{"width":1280,"height":1280,"url":"https:\/\/toquartz.com\/wp-content\/uploads\/2025\/05\/TOQUARTZ.webp","type":"image\/webp"}],"twitter_card":"summary_large_image","twitter_misc":{"Tahmini okuma s\u00fcresi":"3 dakika"},"schema":{"@context":"https:\/\/schema.org","@graph":[{"@type":"WebPage","@id":"https:\/\/toquartz.com\/privacy-policy\/","url":"https:\/\/toquartz.com\/privacy-policy\/","name":"Gizlilik Politikas\u0131 - TOQUARTZ","isPartOf":{"@id":"https:\/\/toquartz.com\/#website"},"primaryImageOfPage":{"@id":"https:\/\/toquartz.com\/privacy-policy\/#primaryimage"},"image":{"@id":"https:\/\/toquartz.com\/privacy-policy\/#primaryimage"},"thumbnailUrl":"https:\/\/toquartz.com\/wp-content\/uploads\/2025\/05\/TOQUARTZ.webp","datePublished":"2025-05-30T06:06:33+00:00","dateModified":"2025-09-29T03:30:11+00:00","description":"TOQUARTZ\u00ae gizlili\u011finize de\u011fer verir, g\u00fcveninizi kabul eder ve toplanan verileri \u00fc\u00e7\u00fcnc\u00fc taraflarla payla\u015fmaz.","breadcrumb":{"@id":"https:\/\/toquartz.com\/privacy-policy\/#breadcrumb"},"inLanguage":"tr","potentialAction":[{"@type":"ReadAction","target":["https:\/\/toquartz.com\/privacy-policy\/"]}]},{"@type":"ImageObject","inLanguage":"tr","@id":"https:\/\/toquartz.com\/privacy-policy\/#primaryimage","url":"https:\/\/toquartz.com\/wp-content\/uploads\/2025\/05\/TOQUARTZ.webp","contentUrl":"https:\/\/toquartz.com\/wp-content\/uploads\/2025\/05\/TOQUARTZ.webp","width":1280,"height":1280,"caption":"TOQUARTZ"},{"@type":"BreadcrumbList","@id":"https:\/\/toquartz.com\/privacy-policy\/#breadcrumb","itemListElement":[{"@type":"ListItem","position":1,"name":"Home","item":"https:\/\/toquartz.com\/"},{"@type":"ListItem","position":2,"name":"Privacy Policy"}]},{"@type":"WebSite","@id":"https:\/\/toquartz.com\/#website","url":"https:\/\/toquartz.com\/","name":"TOQUARTZ","description":"","publisher":{"@id":"https:\/\/toquartz.com\/#organization"},"potentialAction":[{"@type":"SearchAction","target":{"@type":"EntryPoint","urlTemplate":"https:\/\/toquartz.com\/?s={search_term_string}"},"query-input":{"@type":"PropertyValueSpecification","valueRequired":true,"valueName":"search_term_string"}}],"inLanguage":"tr"},{"@type":"Organization","@id":"https:\/\/toquartz.com\/#organization","name":"TOQUARTZ","url":"https:\/\/toquartz.com\/","logo":{"@type":"ImageObject","inLanguage":"tr","@id":"https:\/\/toquartz.com\/#\/schema\/logo\/image\/","url":"https:\/\/toquartz.com\/wp-content\/uploads\/2025\/02\/logo-2.png","contentUrl":"https:\/\/toquartz.com\/wp-content\/uploads\/2025\/02\/logo-2.png","width":583,"height":151,"caption":"TOQUARTZ"},"image":{"@id":"https:\/\/toquartz.com\/#\/schema\/logo\/image\/"}}]}},"_links":{"self":[{"href":"https:\/\/toquartz.com\/tr\/wp-json\/wp\/v2\/pages\/4963","targetHints":{"allow":["GET"]}}],"collection":[{"href":"https:\/\/toquartz.com\/tr\/wp-json\/wp\/v2\/pages"}],"about":[{"href":"https:\/\/toquartz.com\/tr\/wp-json\/wp\/v2\/types\/page"}],"author":[{"embeddable":true,"href":"https:\/\/toquartz.com\/tr\/wp-json\/wp\/v2\/users\/2"}],"replies":[{"embeddable":true,"href":"https:\/\/toquartz.com\/tr\/wp-json\/wp\/v2\/comments?post=4963"}],"version-history":[{"count":11,"href":"https:\/\/toquartz.com\/tr\/wp-json\/wp\/v2\/pages\/4963\/revisions"}],"predecessor-version":[{"id":4976,"href":"https:\/\/toquartz.com\/tr\/wp-json\/wp\/v2\/pages\/4963\/revisions\/4976"}],"wp:featuredmedia":[{"embeddable":true,"href":"https:\/\/toquartz.com\/tr\/wp-json\/wp\/v2\/media\/4964"}],"wp:attachment":[{"href":"https:\/\/toquartz.com\/tr\/wp-json\/wp\/v2\/media?parent=4963"}],"curies":[{"name":"wp","href":"https:\/\/api.w.org\/{rel}","templated":true}]}}