{"id":4963,"date":"2025-05-30T14:06:33","date_gmt":"2025-05-30T06:06:33","guid":{"rendered":"https:\/\/toquartz.com\/?page_id=4963"},"modified":"2025-09-29T11:30:11","modified_gmt":"2025-09-29T03:30:11","slug":"privacy-policy","status":"publish","type":"page","link":"https:\/\/toquartz.com\/pt\/privacy-policy\/","title":{"rendered":"Pol\u00edtica de privacidade"},"content":{"rendered":"<div data-elementor-type=\"wp-page\" data-elementor-id=\"4963\" class=\"elementor elementor-4963\" data-elementor-post-type=\"page\">\n\t\t\t\t<div class=\"elementor-element elementor-element-ae74ff4 e-flex e-con-boxed e-con e-parent\" data-id=\"ae74ff4\" data-element_type=\"container\">\n\t\t\t\t\t<div class=\"e-con-inner\">\n\t\t\t\t<div class=\"elementor-element elementor-element-ca40926 elementor-widget elementor-widget-heading\" data-id=\"ca40926\" data-element_type=\"widget\" data-widget_type=\"heading.default\">\n\t\t\t\t\t<h1 class=\"elementor-heading-title elementor-size-default\">Pol\u00edtica de privacidade<\/h1>\t\t\t\t<\/div>\n\t\t\t\t<div class=\"elementor-element elementor-element-657f30e elementor-widget__width-initial elementor-widget elementor-widget-text-editor\" data-id=\"657f30e\" data-element_type=\"widget\" data-widget_type=\"text-editor.default\">\n\t\t\t\t\t\t\t\t\t<p>A TOQUARTZ\u00ae valoriza e respeita sua privacidade e a finalidade para a qual voc\u00ea optou por nos fornecer suas informa\u00e7\u00f5es pessoais. Temos o compromisso de manter a confidencialidade de suas informa\u00e7\u00f5es e n\u00e3o compartilhamos, vendemos ou alugamos as informa\u00e7\u00f5es coletadas por meio de nosso site a terceiros. N\u00e3o temos a inten\u00e7\u00e3o de fazer isso no futuro.<\/p>\t\t\t\t\t\t\t\t<\/div>\n\t\t<div class=\"elementor-element elementor-element-317439e e-con-full e-flex e-con e-child\" data-id=\"317439e\" data-element_type=\"container\">\n\t\t\t\t<div class=\"elementor-element elementor-element-5365d00 elementor-widget elementor-widget-heading\" data-id=\"5365d00\" data-element_type=\"widget\" data-widget_type=\"heading.default\">\n\t\t\t\t\t<h2 class=\"elementor-heading-title elementor-size-default\">Informa\u00e7\u00f5es coletadas<\/h2>\t\t\t\t<\/div>\n\t\t\t\t<div class=\"elementor-element elementor-element-150feeb elementor-widget elementor-widget-text-editor\" data-id=\"150feeb\" data-element_type=\"widget\" data-widget_type=\"text-editor.default\">\n\t\t\t\t\t\t\t\t\t<p>Quando voc\u00ea envia informa\u00e7\u00f5es para a TOQUARTZ, seja enviando-nos um e-mail por meio de um link \"mail to:\" ou preenchendo um formul\u00e1rio de contato em nosso site, podemos armazenar seu endere\u00e7o de e-mail e quaisquer outras informa\u00e7\u00f5es que voc\u00ea fornecer voluntariamente. Esses dados podem ser usados para contat\u00e1-lo por e-mail, telefone ou correio para fornecer informa\u00e7\u00f5es sobre os servi\u00e7os ou solu\u00e7\u00f5es da TOQUARTZ que acreditamos ser de seu interesse. N\u00e3o venderemos seu endere\u00e7o de e-mail ou outras informa\u00e7\u00f5es pessoais que voc\u00ea fornecer a terceiros.<\/p>\t\t\t\t\t\t\t\t<\/div>\n\t\t\t\t<\/div>\n\t\t<div class=\"elementor-element elementor-element-dce8869 e-con-full e-flex e-con e-child\" data-id=\"dce8869\" data-element_type=\"container\">\n\t\t\t\t<div class=\"elementor-element elementor-element-2eace8b elementor-widget elementor-widget-heading\" data-id=\"2eace8b\" data-element_type=\"widget\" data-widget_type=\"heading.default\">\n\t\t\t\t\t<h2 class=\"elementor-heading-title elementor-size-default\">Informa\u00e7\u00f5es coletadas por terceiros<\/h2>\t\t\t\t<\/div>\n\t\t\t\t<div class=\"elementor-element elementor-element-97c3ccc elementor-widget elementor-widget-text-editor\" data-id=\"97c3ccc\" data-element_type=\"widget\" data-widget_type=\"text-editor.default\">\n\t\t\t\t\t\t\t\t\t<p>Esta Pol\u00edtica de Privacidade aplica-se exclusivamente ao site da TOQUARTZ e n\u00e3o a quaisquer sites externos que possam estar vinculados a partir de nossas p\u00e1ginas. A TOQUARTZ n\u00e3o \u00e9 respons\u00e1vel pelas pol\u00edticas de privacidade, pr\u00e1ticas ou conte\u00fado de outros sites, incluindo aqueles que possam ter links para ou a partir de nosso site. Esses links externos s\u00e3o fornecidos apenas como recursos informativos, e aconselhamos todos os usu\u00e1rios a consultar as pol\u00edticas de privacidade de quaisquer outros sites que visitarem.<\/p>\t\t\t\t\t\t\t\t<\/div>\n\t\t\t\t<\/div>\n\t\t<div class=\"elementor-element elementor-element-ae11d5e e-con-full e-flex e-con e-child\" data-id=\"ae11d5e\" data-element_type=\"container\">\n\t\t\t\t<div class=\"elementor-element elementor-element-215ec71 elementor-widget elementor-widget-heading\" data-id=\"215ec71\" data-element_type=\"widget\" data-widget_type=\"heading.default\">\n\t\t\t\t\t<h2 class=\"elementor-heading-title elementor-size-default\">Cookies<\/h2>\t\t\t\t<\/div>\n\t\t\t\t<div class=\"elementor-element elementor-element-255de95 elementor-widget elementor-widget-text-editor\" data-id=\"255de95\" data-element_type=\"widget\" data-widget_type=\"text-editor.default\">\n\t\t\t\t\t\t\t\t\t<p>A TOQUARTZ n\u00e3o usa cookies nem emprega nenhum sistema de rastreamento baseado em cookies em seu site no momento.<\/p>\t\t\t\t\t\t\t\t<\/div>\n\t\t\t\t<\/div>\n\t\t<div class=\"elementor-element elementor-element-06d22e1 e-con-full e-flex e-con e-child\" data-id=\"06d22e1\" data-element_type=\"container\">\n\t\t\t\t<div class=\"elementor-element elementor-element-9a1dbbe elementor-widget elementor-widget-heading\" data-id=\"9a1dbbe\" data-element_type=\"widget\" data-widget_type=\"heading.default\">\n\t\t\t\t\t<h2 class=\"elementor-heading-title elementor-size-default\">Atualiza\u00e7\u00e3o, corre\u00e7\u00e3o ou exclus\u00e3o de informa\u00e7\u00f5es pessoais<\/h2>\t\t\t\t<\/div>\n\t\t\t\t<div class=\"elementor-element elementor-element-61d9e5f elementor-widget elementor-widget-text-editor\" data-id=\"61d9e5f\" data-element_type=\"widget\" data-widget_type=\"text-editor.default\">\n\t\t\t\t\t\t\t\t\t<p>Se desejar atualizar, corrigir ou solicitar a remo\u00e7\u00e3o de qualquer informa\u00e7\u00e3o pessoal fornecida anteriormente \u00e0 TOQUARTZ, envie um e-mail com \"Remover informa\u00e7\u00f5es pessoais\" na linha de assunto para o endere\u00e7o de contato fornecido em nosso site. Tomaremos as medidas adequadas para atender \u00e0 sua solicita\u00e7\u00e3o em tempo h\u00e1bil.<\/p>\t\t\t\t\t\t\t\t<\/div>\n\t\t\t\t<\/div>\n\t\t<div class=\"elementor-element elementor-element-a7922ae e-con-full e-flex e-con e-child\" data-id=\"a7922ae\" data-element_type=\"container\">\n\t\t\t\t<div class=\"elementor-element elementor-element-f8f5e5e elementor-widget elementor-widget-heading\" data-id=\"f8f5e5e\" data-element_type=\"widget\" data-widget_type=\"heading.default\">\n\t\t\t\t\t<h2 class=\"elementor-heading-title elementor-size-default\">Divulga\u00e7\u00e3o de informa\u00e7\u00f5es legalmente obrigat\u00f3rias<\/h2>\t\t\t\t<\/div>\n\t\t\t\t<div class=\"elementor-element elementor-element-1965248 elementor-widget elementor-widget-text-editor\" data-id=\"1965248\" data-element_type=\"widget\" data-widget_type=\"text-editor.default\">\n\t\t\t\t\t\t\t\t\t<p>A TOQUARTZ poder\u00e1 divulgar informa\u00e7\u00f5es pessoais se for obrigada a faz\u00ea-lo por lei ou se, de boa f\u00e9, acreditarmos que tal a\u00e7\u00e3o \u00e9 necess\u00e1ria para cumprir obriga\u00e7\u00f5es legais ou proteger nossos direitos legais.<\/p>\t\t\t\t\t\t\t\t<\/div>\n\t\t\t\t<\/div>\n\t\t<div class=\"elementor-element elementor-element-b6934cd e-con-full e-flex e-con e-child\" data-id=\"b6934cd\" data-element_type=\"container\">\n\t\t\t\t<div class=\"elementor-element elementor-element-f3c4a34 elementor-widget elementor-widget-heading\" data-id=\"f3c4a34\" data-element_type=\"widget\" data-widget_type=\"heading.default\">\n\t\t\t\t\t<h2 class=\"elementor-heading-title elementor-size-default\">Mudan\u00e7as peri\u00f3dicas na pol\u00edtica<\/h2>\t\t\t\t<\/div>\n\t\t\t\t<div class=\"elementor-element elementor-element-70ec426 elementor-widget elementor-widget-text-editor\" data-id=\"70ec426\" data-element_type=\"widget\" data-widget_type=\"text-editor.default\">\n\t\t\t\t\t\t\t\t\t<p>Observe que a TOQUARTZ poder\u00e1 atualizar ou modificar esta Pol\u00edtica de Privacidade periodicamente para refletir altera\u00e7\u00f5es nos requisitos legais, em nossas pr\u00e1ticas de tratamento de dados ou nos avan\u00e7os tecnol\u00f3gicos. Recomendamos que voc\u00ea marque esta p\u00e1gina e a revise regularmente para se manter informado sobre como estamos protegendo suas informa\u00e7\u00f5es.<\/p>\t\t\t\t\t\t\t\t<\/div>\n\t\t\t\t<\/div>\n\t\t<div class=\"elementor-element elementor-element-d2cd8c4 e-con-full e-flex e-con e-child\" data-id=\"d2cd8c4\" data-element_type=\"container\">\n\t\t\t\t<div class=\"elementor-element elementor-element-1e6f68e elementor-widget elementor-widget-heading\" data-id=\"1e6f68e\" data-element_type=\"widget\" data-widget_type=\"heading.default\">\n\t\t\t\t\t<h2 class=\"elementor-heading-title elementor-size-default\">Data de vig\u00eancia<\/h2>\t\t\t\t<\/div>\n\t\t\t\t<div class=\"elementor-element elementor-element-10eff7b elementor-widget elementor-widget-text-editor\" data-id=\"10eff7b\" data-element_type=\"widget\" data-widget_type=\"text-editor.default\">\n\t\t\t\t\t\t\t\t\t<p>Esta declara\u00e7\u00e3o de pol\u00edtica \u00e9 emitida em nome da TOQUARTZ e entra em vigor a partir de 1\u00ba de maio de 2012. Observe que esta Pol\u00edtica de Privacidade n\u00e3o constitui um contrato juridicamente vinculativo, mas destina-se a ser uma declara\u00e7\u00e3o de nossas pr\u00e1ticas e inten\u00e7\u00f5es.<\/p>\t\t\t\t\t\t\t\t<\/div>\n\t\t\t\t<\/div>\n\t\t\t\t\t<\/div>\n\t\t\t\t<\/div>\n\t\t\t\t<\/div>","protected":false},"excerpt":{"rendered":"<p>Pol\u00edtica de Privacidade A TOQUARTZ\u00ae valoriza e respeita sua privacidade e a finalidade para a qual voc\u00ea optou por nos fornecer seus dados [...]<\/p>","protected":false},"author":2,"featured_media":4964,"parent":0,"menu_order":0,"comment_status":"closed","ping_status":"closed","template":"elementor_header_footer","meta":{"_acf_changed":false,"site-sidebar-layout":"no-sidebar","site-content-layout":"","ast-site-content-layout":"full-width-container","site-content-style":"default","site-sidebar-style":"default","ast-global-header-display":"","ast-banner-title-visibility":"","ast-main-header-display":"","ast-hfb-above-header-display":"","ast-hfb-below-header-display":"","ast-hfb-mobile-header-display":"","site-post-title":"disabled","ast-breadcrumbs-content":"","ast-featured-img":"disabled","footer-sml-layout":"","theme-transparent-header-meta":"default","adv-header-id-meta":"","stick-header-meta":"default","header-above-stick-meta":"","header-main-stick-meta":"","header-below-stick-meta":"","astra-migrate-meta-layouts":"set","ast-page-background-enabled":"default","ast-page-background-meta":{"desktop":{"background-color":"var(--ast-global-color-5)","background-image":"","background-repeat":"repeat","background-position":"center center","background-size":"auto","background-attachment":"scroll","background-type":"","background-media":"","overlay-type":"","overlay-color":"","overlay-opacity":"","overlay-gradient":""},"tablet":{"background-color":"","background-image":"","background-repeat":"repeat","background-position":"center center","background-size":"auto","background-attachment":"scroll","background-type":"","background-media":"","overlay-type":"","overlay-color":"","overlay-opacity":"","overlay-gradient":""},"mobile":{"background-color":"","background-image":"","background-repeat":"repeat","background-position":"center center","background-size":"auto","background-attachment":"scroll","background-type":"","background-media":"","overlay-type":"","overlay-color":"","overlay-opacity":"","overlay-gradient":""}},"ast-content-background-meta":{"desktop":{"background-color":"var(--ast-global-color-4)","background-image":"","background-repeat":"repeat","background-position":"center center","background-size":"auto","background-attachment":"scroll","background-type":"","background-media":"","overlay-type":"","overlay-color":"","overlay-opacity":"","overlay-gradient":""},"tablet":{"background-color":"var(--ast-global-color-4)","background-image":"","background-repeat":"repeat","background-position":"center center","background-size":"auto","background-attachment":"scroll","background-type":"","background-media":"","overlay-type":"","overlay-color":"","overlay-opacity":"","overlay-gradient":""},"mobile":{"background-color":"var(--ast-global-color-4)","background-image":"","background-repeat":"repeat","background-position":"center center","background-size":"auto","background-attachment":"scroll","background-type":"","background-media":"","overlay-type":"","overlay-color":"","overlay-opacity":"","overlay-gradient":""}},"footnotes":""},"class_list":["post-4963","page","type-page","status-publish","has-post-thumbnail","hentry"],"acf":[],"yoast_head":"<!-- This site is optimized with the Yoast SEO Premium plugin v25.4 (Yoast SEO v25.4) - https:\/\/yoast.com\/wordpress\/plugins\/seo\/ -->\n<title>Privacy Policy \u2013 TOQUARTZ<\/title>\n<meta name=\"description\" content=\"TOQUARTZ\u00ae values your privacy, acknowledges your trust, and does not share collected data with third parties.\" \/>\n<meta name=\"robots\" content=\"index, follow, max-snippet:-1, max-image-preview:large, max-video-preview:-1\" \/>\n<link rel=\"canonical\" href=\"https:\/\/toquartz.com\/pt\/privacy-policy\/\" \/>\n<meta property=\"og:locale\" content=\"pt_BR\" \/>\n<meta property=\"og:type\" content=\"article\" \/>\n<meta property=\"og:title\" content=\"Privacy Policy\" \/>\n<meta property=\"og:description\" content=\"TOQUARTZ\u00ae values your privacy, acknowledges your trust, and does not share collected data with third parties.\" \/>\n<meta property=\"og:url\" content=\"https:\/\/toquartz.com\/pt\/privacy-policy\/\" \/>\n<meta property=\"og:site_name\" content=\"TOQUARTZ: Quartz Glass Solution\" \/>\n<meta property=\"article:modified_time\" content=\"2025-09-29T03:30:11+00:00\" \/>\n<meta property=\"og:image\" content=\"https:\/\/toquartz.com\/wp-content\/uploads\/2025\/05\/TOQUARTZ.webp\" \/>\n\t<meta property=\"og:image:width\" content=\"1280\" \/>\n\t<meta property=\"og:image:height\" content=\"1280\" \/>\n\t<meta property=\"og:image:type\" content=\"image\/webp\" \/>\n<meta name=\"twitter:card\" content=\"summary_large_image\" \/>\n<meta name=\"twitter:label1\" content=\"Est. tempo de leitura\" \/>\n\t<meta name=\"twitter:data1\" content=\"3 minutos\" \/>\n<script type=\"application\/ld+json\" class=\"yoast-schema-graph\">{\"@context\":\"https:\/\/schema.org\",\"@graph\":[{\"@type\":\"WebPage\",\"@id\":\"https:\/\/toquartz.com\/privacy-policy\/\",\"url\":\"https:\/\/toquartz.com\/privacy-policy\/\",\"name\":\"Privacy Policy \u2013 TOQUARTZ\",\"isPartOf\":{\"@id\":\"https:\/\/toquartz.com\/#website\"},\"primaryImageOfPage\":{\"@id\":\"https:\/\/toquartz.com\/privacy-policy\/#primaryimage\"},\"image\":{\"@id\":\"https:\/\/toquartz.com\/privacy-policy\/#primaryimage\"},\"thumbnailUrl\":\"https:\/\/toquartz.com\/wp-content\/uploads\/2025\/05\/TOQUARTZ.webp\",\"datePublished\":\"2025-05-30T06:06:33+00:00\",\"dateModified\":\"2025-09-29T03:30:11+00:00\",\"description\":\"TOQUARTZ\u00ae values your privacy, acknowledges your trust, and does not share collected data with third parties.\",\"breadcrumb\":{\"@id\":\"https:\/\/toquartz.com\/privacy-policy\/#breadcrumb\"},\"inLanguage\":\"pt-BR\",\"potentialAction\":[{\"@type\":\"ReadAction\",\"target\":[\"https:\/\/toquartz.com\/privacy-policy\/\"]}]},{\"@type\":\"ImageObject\",\"inLanguage\":\"pt-BR\",\"@id\":\"https:\/\/toquartz.com\/privacy-policy\/#primaryimage\",\"url\":\"https:\/\/toquartz.com\/wp-content\/uploads\/2025\/05\/TOQUARTZ.webp\",\"contentUrl\":\"https:\/\/toquartz.com\/wp-content\/uploads\/2025\/05\/TOQUARTZ.webp\",\"width\":1280,\"height\":1280,\"caption\":\"TOQUARTZ\"},{\"@type\":\"BreadcrumbList\",\"@id\":\"https:\/\/toquartz.com\/privacy-policy\/#breadcrumb\",\"itemListElement\":[{\"@type\":\"ListItem\",\"position\":1,\"name\":\"Home\",\"item\":\"https:\/\/toquartz.com\/\"},{\"@type\":\"ListItem\",\"position\":2,\"name\":\"Privacy Policy\"}]},{\"@type\":\"WebSite\",\"@id\":\"https:\/\/toquartz.com\/#website\",\"url\":\"https:\/\/toquartz.com\/\",\"name\":\"TOQUARTZ\",\"description\":\"\",\"publisher\":{\"@id\":\"https:\/\/toquartz.com\/#organization\"},\"potentialAction\":[{\"@type\":\"SearchAction\",\"target\":{\"@type\":\"EntryPoint\",\"urlTemplate\":\"https:\/\/toquartz.com\/?s={search_term_string}\"},\"query-input\":{\"@type\":\"PropertyValueSpecification\",\"valueRequired\":true,\"valueName\":\"search_term_string\"}}],\"inLanguage\":\"pt-BR\"},{\"@type\":\"Organization\",\"@id\":\"https:\/\/toquartz.com\/#organization\",\"name\":\"TOQUARTZ\",\"url\":\"https:\/\/toquartz.com\/\",\"logo\":{\"@type\":\"ImageObject\",\"inLanguage\":\"pt-BR\",\"@id\":\"https:\/\/toquartz.com\/#\/schema\/logo\/image\/\",\"url\":\"https:\/\/toquartz.com\/wp-content\/uploads\/2025\/02\/logo-2.png\",\"contentUrl\":\"https:\/\/toquartz.com\/wp-content\/uploads\/2025\/02\/logo-2.png\",\"width\":583,\"height\":151,\"caption\":\"TOQUARTZ\"},\"image\":{\"@id\":\"https:\/\/toquartz.com\/#\/schema\/logo\/image\/\"}}]}<\/script>\n<!-- \/ Yoast SEO Premium plugin. -->","yoast_head_json":{"title":"Pol\u00edtica de Privacidade - TOQUARTZ","description":"A TOQUARTZ\u00ae valoriza sua privacidade, reconhece sua confian\u00e7a e n\u00e3o compartilha os dados coletados com terceiros.","robots":{"index":"index","follow":"follow","max-snippet":"max-snippet:-1","max-image-preview":"max-image-preview:large","max-video-preview":"max-video-preview:-1"},"canonical":"https:\/\/toquartz.com\/pt\/privacy-policy\/","og_locale":"pt_BR","og_type":"article","og_title":"Privacy Policy","og_description":"TOQUARTZ\u00ae values your privacy, acknowledges your trust, and does not share collected data with third parties.","og_url":"https:\/\/toquartz.com\/pt\/privacy-policy\/","og_site_name":"TOQUARTZ: Quartz Glass Solution","article_modified_time":"2025-09-29T03:30:11+00:00","og_image":[{"width":1280,"height":1280,"url":"https:\/\/toquartz.com\/wp-content\/uploads\/2025\/05\/TOQUARTZ.webp","type":"image\/webp"}],"twitter_card":"summary_large_image","twitter_misc":{"Est. tempo de leitura":"3 minutos"},"schema":{"@context":"https:\/\/schema.org","@graph":[{"@type":"WebPage","@id":"https:\/\/toquartz.com\/privacy-policy\/","url":"https:\/\/toquartz.com\/privacy-policy\/","name":"Pol\u00edtica de Privacidade - TOQUARTZ","isPartOf":{"@id":"https:\/\/toquartz.com\/#website"},"primaryImageOfPage":{"@id":"https:\/\/toquartz.com\/privacy-policy\/#primaryimage"},"image":{"@id":"https:\/\/toquartz.com\/privacy-policy\/#primaryimage"},"thumbnailUrl":"https:\/\/toquartz.com\/wp-content\/uploads\/2025\/05\/TOQUARTZ.webp","datePublished":"2025-05-30T06:06:33+00:00","dateModified":"2025-09-29T03:30:11+00:00","description":"A TOQUARTZ\u00ae valoriza sua privacidade, reconhece sua confian\u00e7a e n\u00e3o compartilha os dados coletados com terceiros.","breadcrumb":{"@id":"https:\/\/toquartz.com\/privacy-policy\/#breadcrumb"},"inLanguage":"pt-BR","potentialAction":[{"@type":"ReadAction","target":["https:\/\/toquartz.com\/privacy-policy\/"]}]},{"@type":"ImageObject","inLanguage":"pt-BR","@id":"https:\/\/toquartz.com\/privacy-policy\/#primaryimage","url":"https:\/\/toquartz.com\/wp-content\/uploads\/2025\/05\/TOQUARTZ.webp","contentUrl":"https:\/\/toquartz.com\/wp-content\/uploads\/2025\/05\/TOQUARTZ.webp","width":1280,"height":1280,"caption":"TOQUARTZ"},{"@type":"BreadcrumbList","@id":"https:\/\/toquartz.com\/privacy-policy\/#breadcrumb","itemListElement":[{"@type":"ListItem","position":1,"name":"Home","item":"https:\/\/toquartz.com\/"},{"@type":"ListItem","position":2,"name":"Privacy Policy"}]},{"@type":"WebSite","@id":"https:\/\/toquartz.com\/#website","url":"https:\/\/toquartz.com\/","name":"TOQUARTZ","description":"","publisher":{"@id":"https:\/\/toquartz.com\/#organization"},"potentialAction":[{"@type":"SearchAction","target":{"@type":"EntryPoint","urlTemplate":"https:\/\/toquartz.com\/?s={search_term_string}"},"query-input":{"@type":"PropertyValueSpecification","valueRequired":true,"valueName":"search_term_string"}}],"inLanguage":"pt-BR"},{"@type":"Organization","@id":"https:\/\/toquartz.com\/#organization","name":"TOQUARTZ","url":"https:\/\/toquartz.com\/","logo":{"@type":"ImageObject","inLanguage":"pt-BR","@id":"https:\/\/toquartz.com\/#\/schema\/logo\/image\/","url":"https:\/\/toquartz.com\/wp-content\/uploads\/2025\/02\/logo-2.png","contentUrl":"https:\/\/toquartz.com\/wp-content\/uploads\/2025\/02\/logo-2.png","width":583,"height":151,"caption":"TOQUARTZ"},"image":{"@id":"https:\/\/toquartz.com\/#\/schema\/logo\/image\/"}}]}},"_links":{"self":[{"href":"https:\/\/toquartz.com\/pt\/wp-json\/wp\/v2\/pages\/4963","targetHints":{"allow":["GET"]}}],"collection":[{"href":"https:\/\/toquartz.com\/pt\/wp-json\/wp\/v2\/pages"}],"about":[{"href":"https:\/\/toquartz.com\/pt\/wp-json\/wp\/v2\/types\/page"}],"author":[{"embeddable":true,"href":"https:\/\/toquartz.com\/pt\/wp-json\/wp\/v2\/users\/2"}],"replies":[{"embeddable":true,"href":"https:\/\/toquartz.com\/pt\/wp-json\/wp\/v2\/comments?post=4963"}],"version-history":[{"count":11,"href":"https:\/\/toquartz.com\/pt\/wp-json\/wp\/v2\/pages\/4963\/revisions"}],"predecessor-version":[{"id":4976,"href":"https:\/\/toquartz.com\/pt\/wp-json\/wp\/v2\/pages\/4963\/revisions\/4976"}],"wp:featuredmedia":[{"embeddable":true,"href":"https:\/\/toquartz.com\/pt\/wp-json\/wp\/v2\/media\/4964"}],"wp:attachment":[{"href":"https:\/\/toquartz.com\/pt\/wp-json\/wp\/v2\/media?parent=4963"}],"curies":[{"name":"wp","href":"https:\/\/api.w.org\/{rel}","templated":true}]}}