{"id":4963,"date":"2025-05-30T14:06:33","date_gmt":"2025-05-30T06:06:33","guid":{"rendered":"https:\/\/toquartz.com\/?page_id=4963"},"modified":"2025-09-29T11:30:11","modified_gmt":"2025-09-29T03:30:11","slug":"privacy-policy","status":"publish","type":"page","link":"https:\/\/toquartz.com\/fr\/privacy-policy\/","title":{"rendered":"Politique de confidentialit\u00e9"},"content":{"rendered":"<div data-elementor-type=\"wp-page\" data-elementor-id=\"4963\" class=\"elementor elementor-4963\" data-elementor-post-type=\"page\">\n\t\t\t\t<div class=\"elementor-element elementor-element-ae74ff4 e-flex e-con-boxed e-con e-parent\" data-id=\"ae74ff4\" data-element_type=\"container\">\n\t\t\t\t\t<div class=\"e-con-inner\">\n\t\t\t\t<div class=\"elementor-element elementor-element-ca40926 elementor-widget elementor-widget-heading\" data-id=\"ca40926\" data-element_type=\"widget\" data-widget_type=\"heading.default\">\n\t\t\t\t\t<h1 class=\"elementor-heading-title elementor-size-default\">Politique de confidentialit\u00e9<\/h1>\t\t\t\t<\/div>\n\t\t\t\t<div class=\"elementor-element elementor-element-657f30e elementor-widget__width-initial elementor-widget elementor-widget-text-editor\" data-id=\"657f30e\" data-element_type=\"widget\" data-widget_type=\"text-editor.default\">\n\t\t\t\t\t\t\t\t\t<p>TOQUARTZ\u00ae appr\u00e9cie et respecte votre vie priv\u00e9e et la raison pour laquelle vous choisissez de nous fournir vos informations personnelles. Nous nous engageons \u00e0 pr\u00e9server la confidentialit\u00e9 de vos informations et ne partageons pas, ne vendons pas et ne louons pas \u00e0 des tiers les informations collect\u00e9es sur notre site web. Nous n'avons pas l'intention de le faire \u00e0 l'avenir.<\/p>\t\t\t\t\t\t\t\t<\/div>\n\t\t<div class=\"elementor-element elementor-element-317439e e-con-full e-flex e-con e-child\" data-id=\"317439e\" data-element_type=\"container\">\n\t\t\t\t<div class=\"elementor-element elementor-element-5365d00 elementor-widget elementor-widget-heading\" data-id=\"5365d00\" data-element_type=\"widget\" data-widget_type=\"heading.default\">\n\t\t\t\t\t<h2 class=\"elementor-heading-title elementor-size-default\">Informations collect\u00e9es<\/h2>\t\t\t\t<\/div>\n\t\t\t\t<div class=\"elementor-element elementor-element-150feeb elementor-widget elementor-widget-text-editor\" data-id=\"150feeb\" data-element_type=\"widget\" data-widget_type=\"text-editor.default\">\n\t\t\t\t\t\t\t\t\t<p>Lorsque vous soumettez des informations \u00e0 TOQUARTZ, que ce soit en nous envoyant un courrier \u00e9lectronique par le biais d'un lien \"mail to :\" ou en remplissant un formulaire de contact sur notre site web, nous pouvons stocker votre adresse \u00e9lectronique et toute autre information que vous fournissez volontairement. Ces donn\u00e9es peuvent \u00eatre utilis\u00e9es pour vous contacter par courrier \u00e9lectronique, par t\u00e9l\u00e9phone ou par courrier postal afin de vous fournir des informations sur les services ou les solutions TOQUARTZ que nous pensons susceptibles de vous int\u00e9resser. Nous ne vendrons pas votre adresse \u00e9lectronique ni les autres informations personnelles que vous nous fournissez \u00e0 des tiers.<\/p>\t\t\t\t\t\t\t\t<\/div>\n\t\t\t\t<\/div>\n\t\t<div class=\"elementor-element elementor-element-dce8869 e-con-full e-flex e-con e-child\" data-id=\"dce8869\" data-element_type=\"container\">\n\t\t\t\t<div class=\"elementor-element elementor-element-2eace8b elementor-widget elementor-widget-heading\" data-id=\"2eace8b\" data-element_type=\"widget\" data-widget_type=\"heading.default\">\n\t\t\t\t\t<h2 class=\"elementor-heading-title elementor-size-default\">Informations collect\u00e9es par d'autres<\/h2>\t\t\t\t<\/div>\n\t\t\t\t<div class=\"elementor-element elementor-element-97c3ccc elementor-widget elementor-widget-text-editor\" data-id=\"97c3ccc\" data-element_type=\"widget\" data-widget_type=\"text-editor.default\">\n\t\t\t\t\t\t\t\t\t<p>La pr\u00e9sente politique de confidentialit\u00e9 s'applique uniquement au site web de TOQUARTZ et non aux sites web externes qui peuvent \u00eatre li\u00e9s \u00e0 nos pages. TOQUARTZ n'est pas responsable des politiques de confidentialit\u00e9, des pratiques ou du contenu d'autres sites web, y compris ceux qui peuvent \u00eatre li\u00e9s \u00e0 notre site web. Ces liens externes sont fournis \u00e0 titre d'information uniquement, et nous conseillons \u00e0 tous les utilisateurs de consulter les politiques de confidentialit\u00e9 des autres sites web qu'ils visitent.<\/p>\t\t\t\t\t\t\t\t<\/div>\n\t\t\t\t<\/div>\n\t\t<div class=\"elementor-element elementor-element-ae11d5e e-con-full e-flex e-con e-child\" data-id=\"ae11d5e\" data-element_type=\"container\">\n\t\t\t\t<div class=\"elementor-element elementor-element-215ec71 elementor-widget elementor-widget-heading\" data-id=\"215ec71\" data-element_type=\"widget\" data-widget_type=\"heading.default\">\n\t\t\t\t\t<h2 class=\"elementor-heading-title elementor-size-default\">Cookies<\/h2>\t\t\t\t<\/div>\n\t\t\t\t<div class=\"elementor-element elementor-element-255de95 elementor-widget elementor-widget-text-editor\" data-id=\"255de95\" data-element_type=\"widget\" data-widget_type=\"text-editor.default\">\n\t\t\t\t\t\t\t\t\t<p>TOQUARTZ n'utilise pas de cookies ni de syst\u00e8mes de suivi bas\u00e9s sur les cookies sur son site web \u00e0 l'heure actuelle.<\/p>\t\t\t\t\t\t\t\t<\/div>\n\t\t\t\t<\/div>\n\t\t<div class=\"elementor-element elementor-element-06d22e1 e-con-full e-flex e-con e-child\" data-id=\"06d22e1\" data-element_type=\"container\">\n\t\t\t\t<div class=\"elementor-element elementor-element-9a1dbbe elementor-widget elementor-widget-heading\" data-id=\"9a1dbbe\" data-element_type=\"widget\" data-widget_type=\"heading.default\">\n\t\t\t\t\t<h2 class=\"elementor-heading-title elementor-size-default\">Mise \u00e0 jour, correction ou suppression des informations personnelles<\/h2>\t\t\t\t<\/div>\n\t\t\t\t<div class=\"elementor-element elementor-element-61d9e5f elementor-widget elementor-widget-text-editor\" data-id=\"61d9e5f\" data-element_type=\"widget\" data-widget_type=\"text-editor.default\">\n\t\t\t\t\t\t\t\t\t<p>Si vous souhaitez mettre \u00e0 jour, corriger ou demander la suppression de toute information personnelle pr\u00e9c\u00e9demment fournie \u00e0 TOQUARTZ, veuillez envoyer un courrier \u00e9lectronique ayant pour objet \"Suppression d'informations personnelles\" \u00e0 l'adresse de contact indiqu\u00e9e sur notre site web. Nous prendrons les mesures n\u00e9cessaires pour r\u00e9pondre \u00e0 votre demande dans les meilleurs d\u00e9lais.<\/p>\t\t\t\t\t\t\t\t<\/div>\n\t\t\t\t<\/div>\n\t\t<div class=\"elementor-element elementor-element-a7922ae e-con-full e-flex e-con e-child\" data-id=\"a7922ae\" data-element_type=\"container\">\n\t\t\t\t<div class=\"elementor-element elementor-element-f8f5e5e elementor-widget elementor-widget-heading\" data-id=\"f8f5e5e\" data-element_type=\"widget\" data-widget_type=\"heading.default\">\n\t\t\t\t\t<h2 class=\"elementor-heading-title elementor-size-default\">Divulgation d'informations sous contrainte l\u00e9gale<\/h2>\t\t\t\t<\/div>\n\t\t\t\t<div class=\"elementor-element elementor-element-1965248 elementor-widget elementor-widget-text-editor\" data-id=\"1965248\" data-element_type=\"widget\" data-widget_type=\"text-editor.default\">\n\t\t\t\t\t\t\t\t\t<p>TOQUARTZ peut divulguer des informations personnelles si la loi l'exige ou si, en toute bonne foi, nous pensons qu'une telle action est n\u00e9cessaire pour se conformer \u00e0 des obligations l\u00e9gales ou pour prot\u00e9ger nos droits l\u00e9gaux.<\/p>\t\t\t\t\t\t\t\t<\/div>\n\t\t\t\t<\/div>\n\t\t<div class=\"elementor-element elementor-element-b6934cd e-con-full e-flex e-con e-child\" data-id=\"b6934cd\" data-element_type=\"container\">\n\t\t\t\t<div class=\"elementor-element elementor-element-f3c4a34 elementor-widget elementor-widget-heading\" data-id=\"f3c4a34\" data-element_type=\"widget\" data-widget_type=\"heading.default\">\n\t\t\t\t\t<h2 class=\"elementor-heading-title elementor-size-default\">Modifications p\u00e9riodiques de la politique<\/h2>\t\t\t\t<\/div>\n\t\t\t\t<div class=\"elementor-element elementor-element-70ec426 elementor-widget elementor-widget-text-editor\" data-id=\"70ec426\" data-element_type=\"widget\" data-widget_type=\"text-editor.default\">\n\t\t\t\t\t\t\t\t\t<p>Veuillez noter que TOQUARTZ peut mettre \u00e0 jour ou modifier cette politique de confidentialit\u00e9 p\u00e9riodiquement pour refl\u00e9ter les changements dans les exigences l\u00e9gales, nos pratiques de traitement des donn\u00e9es ou les progr\u00e8s de la technologie. Nous vous recommandons de marquer cette page d'un signet et de la consulter r\u00e9guli\u00e8rement afin de rester inform\u00e9 de la mani\u00e8re dont nous prot\u00e9geons vos informations.<\/p>\t\t\t\t\t\t\t\t<\/div>\n\t\t\t\t<\/div>\n\t\t<div class=\"elementor-element elementor-element-d2cd8c4 e-con-full e-flex e-con e-child\" data-id=\"d2cd8c4\" data-element_type=\"container\">\n\t\t\t\t<div class=\"elementor-element elementor-element-1e6f68e elementor-widget elementor-widget-heading\" data-id=\"1e6f68e\" data-element_type=\"widget\" data-widget_type=\"heading.default\">\n\t\t\t\t\t<h2 class=\"elementor-heading-title elementor-size-default\">Date d'entr\u00e9e en vigueur<\/h2>\t\t\t\t<\/div>\n\t\t\t\t<div class=\"elementor-element elementor-element-10eff7b elementor-widget elementor-widget-text-editor\" data-id=\"10eff7b\" data-element_type=\"widget\" data-widget_type=\"text-editor.default\">\n\t\t\t\t\t\t\t\t\t<p>La pr\u00e9sente d\u00e9claration de politique est \u00e9mise au nom de TOQUARTZ et entre en vigueur le 1er mai 2012. Veuillez noter que cette politique de confidentialit\u00e9 ne constitue pas un accord juridiquement contraignant, mais qu'elle se veut une d\u00e9claration de nos pratiques et de nos intentions.<\/p>\t\t\t\t\t\t\t\t<\/div>\n\t\t\t\t<\/div>\n\t\t\t\t\t<\/div>\n\t\t\t\t<\/div>\n\t\t\t\t<\/div>","protected":false},"excerpt":{"rendered":"<p>Politique de confidentialit\u00e9 TOQUARTZ\u00ae appr\u00e9cie et respecte votre vie priv\u00e9e et la raison pour laquelle vous choisissez de nous fournir vos [...]<\/p>","protected":false},"author":2,"featured_media":4964,"parent":0,"menu_order":0,"comment_status":"closed","ping_status":"closed","template":"elementor_header_footer","meta":{"_acf_changed":false,"site-sidebar-layout":"no-sidebar","site-content-layout":"","ast-site-content-layout":"full-width-container","site-content-style":"default","site-sidebar-style":"default","ast-global-header-display":"","ast-banner-title-visibility":"","ast-main-header-display":"","ast-hfb-above-header-display":"","ast-hfb-below-header-display":"","ast-hfb-mobile-header-display":"","site-post-title":"disabled","ast-breadcrumbs-content":"","ast-featured-img":"disabled","footer-sml-layout":"","theme-transparent-header-meta":"default","adv-header-id-meta":"","stick-header-meta":"default","header-above-stick-meta":"","header-main-stick-meta":"","header-below-stick-meta":"","astra-migrate-meta-layouts":"set","ast-page-background-enabled":"default","ast-page-background-meta":{"desktop":{"background-color":"var(--ast-global-color-5)","background-image":"","background-repeat":"repeat","background-position":"center center","background-size":"auto","background-attachment":"scroll","background-type":"","background-media":"","overlay-type":"","overlay-color":"","overlay-opacity":"","overlay-gradient":""},"tablet":{"background-color":"","background-image":"","background-repeat":"repeat","background-position":"center center","background-size":"auto","background-attachment":"scroll","background-type":"","background-media":"","overlay-type":"","overlay-color":"","overlay-opacity":"","overlay-gradient":""},"mobile":{"background-color":"","background-image":"","background-repeat":"repeat","background-position":"center center","background-size":"auto","background-attachment":"scroll","background-type":"","background-media":"","overlay-type":"","overlay-color":"","overlay-opacity":"","overlay-gradient":""}},"ast-content-background-meta":{"desktop":{"background-color":"var(--ast-global-color-4)","background-image":"","background-repeat":"repeat","background-position":"center center","background-size":"auto","background-attachment":"scroll","background-type":"","background-media":"","overlay-type":"","overlay-color":"","overlay-opacity":"","overlay-gradient":""},"tablet":{"background-color":"var(--ast-global-color-4)","background-image":"","background-repeat":"repeat","background-position":"center center","background-size":"auto","background-attachment":"scroll","background-type":"","background-media":"","overlay-type":"","overlay-color":"","overlay-opacity":"","overlay-gradient":""},"mobile":{"background-color":"var(--ast-global-color-4)","background-image":"","background-repeat":"repeat","background-position":"center center","background-size":"auto","background-attachment":"scroll","background-type":"","background-media":"","overlay-type":"","overlay-color":"","overlay-opacity":"","overlay-gradient":""}},"footnotes":""},"class_list":["post-4963","page","type-page","status-publish","has-post-thumbnail","hentry"],"acf":[],"yoast_head":"<!-- This site is optimized with the Yoast SEO Premium plugin v25.4 (Yoast SEO v25.4) - https:\/\/yoast.com\/wordpress\/plugins\/seo\/ -->\n<title>Privacy Policy \u2013 TOQUARTZ<\/title>\n<meta name=\"description\" content=\"TOQUARTZ\u00ae values your privacy, acknowledges your trust, and does not share collected data with third parties.\" \/>\n<meta name=\"robots\" content=\"index, follow, max-snippet:-1, max-image-preview:large, max-video-preview:-1\" \/>\n<link rel=\"canonical\" href=\"https:\/\/toquartz.com\/fr\/privacy-policy\/\" \/>\n<meta property=\"og:locale\" content=\"fr_FR\" \/>\n<meta property=\"og:type\" content=\"article\" \/>\n<meta property=\"og:title\" content=\"Privacy Policy\" \/>\n<meta property=\"og:description\" content=\"TOQUARTZ\u00ae values your privacy, acknowledges your trust, and does not share collected data with third parties.\" \/>\n<meta property=\"og:url\" content=\"https:\/\/toquartz.com\/fr\/privacy-policy\/\" \/>\n<meta property=\"og:site_name\" content=\"TOQUARTZ: Quartz Glass Solution\" \/>\n<meta property=\"article:modified_time\" content=\"2025-09-29T03:30:11+00:00\" \/>\n<meta property=\"og:image\" content=\"https:\/\/toquartz.com\/wp-content\/uploads\/2025\/05\/TOQUARTZ.webp\" \/>\n\t<meta property=\"og:image:width\" content=\"1280\" \/>\n\t<meta property=\"og:image:height\" content=\"1280\" \/>\n\t<meta property=\"og:image:type\" content=\"image\/webp\" \/>\n<meta name=\"twitter:card\" content=\"summary_large_image\" \/>\n<meta name=\"twitter:label1\" content=\"Dur\u00e9e de lecture estim\u00e9e\" \/>\n\t<meta name=\"twitter:data1\" content=\"3 minutes\" \/>\n<script type=\"application\/ld+json\" class=\"yoast-schema-graph\">{\"@context\":\"https:\/\/schema.org\",\"@graph\":[{\"@type\":\"WebPage\",\"@id\":\"https:\/\/toquartz.com\/privacy-policy\/\",\"url\":\"https:\/\/toquartz.com\/privacy-policy\/\",\"name\":\"Privacy Policy \u2013 TOQUARTZ\",\"isPartOf\":{\"@id\":\"https:\/\/toquartz.com\/#website\"},\"primaryImageOfPage\":{\"@id\":\"https:\/\/toquartz.com\/privacy-policy\/#primaryimage\"},\"image\":{\"@id\":\"https:\/\/toquartz.com\/privacy-policy\/#primaryimage\"},\"thumbnailUrl\":\"https:\/\/toquartz.com\/wp-content\/uploads\/2025\/05\/TOQUARTZ.webp\",\"datePublished\":\"2025-05-30T06:06:33+00:00\",\"dateModified\":\"2025-09-29T03:30:11+00:00\",\"description\":\"TOQUARTZ\u00ae values your privacy, acknowledges your trust, and does not share collected data with third parties.\",\"breadcrumb\":{\"@id\":\"https:\/\/toquartz.com\/privacy-policy\/#breadcrumb\"},\"inLanguage\":\"fr-FR\",\"potentialAction\":[{\"@type\":\"ReadAction\",\"target\":[\"https:\/\/toquartz.com\/privacy-policy\/\"]}]},{\"@type\":\"ImageObject\",\"inLanguage\":\"fr-FR\",\"@id\":\"https:\/\/toquartz.com\/privacy-policy\/#primaryimage\",\"url\":\"https:\/\/toquartz.com\/wp-content\/uploads\/2025\/05\/TOQUARTZ.webp\",\"contentUrl\":\"https:\/\/toquartz.com\/wp-content\/uploads\/2025\/05\/TOQUARTZ.webp\",\"width\":1280,\"height\":1280,\"caption\":\"TOQUARTZ\"},{\"@type\":\"BreadcrumbList\",\"@id\":\"https:\/\/toquartz.com\/privacy-policy\/#breadcrumb\",\"itemListElement\":[{\"@type\":\"ListItem\",\"position\":1,\"name\":\"Home\",\"item\":\"https:\/\/toquartz.com\/\"},{\"@type\":\"ListItem\",\"position\":2,\"name\":\"Privacy Policy\"}]},{\"@type\":\"WebSite\",\"@id\":\"https:\/\/toquartz.com\/#website\",\"url\":\"https:\/\/toquartz.com\/\",\"name\":\"TOQUARTZ\",\"description\":\"\",\"publisher\":{\"@id\":\"https:\/\/toquartz.com\/#organization\"},\"potentialAction\":[{\"@type\":\"SearchAction\",\"target\":{\"@type\":\"EntryPoint\",\"urlTemplate\":\"https:\/\/toquartz.com\/?s={search_term_string}\"},\"query-input\":{\"@type\":\"PropertyValueSpecification\",\"valueRequired\":true,\"valueName\":\"search_term_string\"}}],\"inLanguage\":\"fr-FR\"},{\"@type\":\"Organization\",\"@id\":\"https:\/\/toquartz.com\/#organization\",\"name\":\"TOQUARTZ\",\"url\":\"https:\/\/toquartz.com\/\",\"logo\":{\"@type\":\"ImageObject\",\"inLanguage\":\"fr-FR\",\"@id\":\"https:\/\/toquartz.com\/#\/schema\/logo\/image\/\",\"url\":\"https:\/\/toquartz.com\/wp-content\/uploads\/2025\/02\/logo-2.png\",\"contentUrl\":\"https:\/\/toquartz.com\/wp-content\/uploads\/2025\/02\/logo-2.png\",\"width\":583,\"height\":151,\"caption\":\"TOQUARTZ\"},\"image\":{\"@id\":\"https:\/\/toquartz.com\/#\/schema\/logo\/image\/\"}}]}<\/script>\n<!-- \/ Yoast SEO Premium plugin. -->","yoast_head_json":{"title":"Politique de confidentialit\u00e9 - TOQUARTZ","description":"TOQUARTZ\u00ae respecte votre vie priv\u00e9e, reconna\u00eet votre confiance et ne partage pas les donn\u00e9es collect\u00e9es avec des tiers.","robots":{"index":"index","follow":"follow","max-snippet":"max-snippet:-1","max-image-preview":"max-image-preview:large","max-video-preview":"max-video-preview:-1"},"canonical":"https:\/\/toquartz.com\/fr\/privacy-policy\/","og_locale":"fr_FR","og_type":"article","og_title":"Privacy Policy","og_description":"TOQUARTZ\u00ae values your privacy, acknowledges your trust, and does not share collected data with third parties.","og_url":"https:\/\/toquartz.com\/fr\/privacy-policy\/","og_site_name":"TOQUARTZ: Quartz Glass Solution","article_modified_time":"2025-09-29T03:30:11+00:00","og_image":[{"width":1280,"height":1280,"url":"https:\/\/toquartz.com\/wp-content\/uploads\/2025\/05\/TOQUARTZ.webp","type":"image\/webp"}],"twitter_card":"summary_large_image","twitter_misc":{"Dur\u00e9e de lecture estim\u00e9e":"3 minutes"},"schema":{"@context":"https:\/\/schema.org","@graph":[{"@type":"WebPage","@id":"https:\/\/toquartz.com\/privacy-policy\/","url":"https:\/\/toquartz.com\/privacy-policy\/","name":"Politique de confidentialit\u00e9 - TOQUARTZ","isPartOf":{"@id":"https:\/\/toquartz.com\/#website"},"primaryImageOfPage":{"@id":"https:\/\/toquartz.com\/privacy-policy\/#primaryimage"},"image":{"@id":"https:\/\/toquartz.com\/privacy-policy\/#primaryimage"},"thumbnailUrl":"https:\/\/toquartz.com\/wp-content\/uploads\/2025\/05\/TOQUARTZ.webp","datePublished":"2025-05-30T06:06:33+00:00","dateModified":"2025-09-29T03:30:11+00:00","description":"TOQUARTZ\u00ae respecte votre vie priv\u00e9e, reconna\u00eet votre confiance et ne partage pas les donn\u00e9es collect\u00e9es avec des tiers.","breadcrumb":{"@id":"https:\/\/toquartz.com\/privacy-policy\/#breadcrumb"},"inLanguage":"fr-FR","potentialAction":[{"@type":"ReadAction","target":["https:\/\/toquartz.com\/privacy-policy\/"]}]},{"@type":"ImageObject","inLanguage":"fr-FR","@id":"https:\/\/toquartz.com\/privacy-policy\/#primaryimage","url":"https:\/\/toquartz.com\/wp-content\/uploads\/2025\/05\/TOQUARTZ.webp","contentUrl":"https:\/\/toquartz.com\/wp-content\/uploads\/2025\/05\/TOQUARTZ.webp","width":1280,"height":1280,"caption":"TOQUARTZ"},{"@type":"BreadcrumbList","@id":"https:\/\/toquartz.com\/privacy-policy\/#breadcrumb","itemListElement":[{"@type":"ListItem","position":1,"name":"Home","item":"https:\/\/toquartz.com\/"},{"@type":"ListItem","position":2,"name":"Privacy Policy"}]},{"@type":"WebSite","@id":"https:\/\/toquartz.com\/#website","url":"https:\/\/toquartz.com\/","name":"TOQUARTZ","description":"","publisher":{"@id":"https:\/\/toquartz.com\/#organization"},"potentialAction":[{"@type":"SearchAction","target":{"@type":"EntryPoint","urlTemplate":"https:\/\/toquartz.com\/?s={search_term_string}"},"query-input":{"@type":"PropertyValueSpecification","valueRequired":true,"valueName":"search_term_string"}}],"inLanguage":"fr-FR"},{"@type":"Organization","@id":"https:\/\/toquartz.com\/#organization","name":"TOQUARTZ","url":"https:\/\/toquartz.com\/","logo":{"@type":"ImageObject","inLanguage":"fr-FR","@id":"https:\/\/toquartz.com\/#\/schema\/logo\/image\/","url":"https:\/\/toquartz.com\/wp-content\/uploads\/2025\/02\/logo-2.png","contentUrl":"https:\/\/toquartz.com\/wp-content\/uploads\/2025\/02\/logo-2.png","width":583,"height":151,"caption":"TOQUARTZ"},"image":{"@id":"https:\/\/toquartz.com\/#\/schema\/logo\/image\/"}}]}},"_links":{"self":[{"href":"https:\/\/toquartz.com\/fr\/wp-json\/wp\/v2\/pages\/4963","targetHints":{"allow":["GET"]}}],"collection":[{"href":"https:\/\/toquartz.com\/fr\/wp-json\/wp\/v2\/pages"}],"about":[{"href":"https:\/\/toquartz.com\/fr\/wp-json\/wp\/v2\/types\/page"}],"author":[{"embeddable":true,"href":"https:\/\/toquartz.com\/fr\/wp-json\/wp\/v2\/users\/2"}],"replies":[{"embeddable":true,"href":"https:\/\/toquartz.com\/fr\/wp-json\/wp\/v2\/comments?post=4963"}],"version-history":[{"count":11,"href":"https:\/\/toquartz.com\/fr\/wp-json\/wp\/v2\/pages\/4963\/revisions"}],"predecessor-version":[{"id":4976,"href":"https:\/\/toquartz.com\/fr\/wp-json\/wp\/v2\/pages\/4963\/revisions\/4976"}],"wp:featuredmedia":[{"embeddable":true,"href":"https:\/\/toquartz.com\/fr\/wp-json\/wp\/v2\/media\/4964"}],"wp:attachment":[{"href":"https:\/\/toquartz.com\/fr\/wp-json\/wp\/v2\/media?parent=4963"}],"curies":[{"name":"wp","href":"https:\/\/api.w.org\/{rel}","templated":true}]}}