{"id":4963,"date":"2025-05-30T14:06:33","date_gmt":"2025-05-30T06:06:33","guid":{"rendered":"https:\/\/toquartz.com\/?page_id=4963"},"modified":"2025-09-29T11:30:11","modified_gmt":"2025-09-29T03:30:11","slug":"privacy-policy","status":"publish","type":"page","link":"https:\/\/toquartz.com\/de\/privacy-policy\/","title":{"rendered":"Datenschutzbestimmungen"},"content":{"rendered":"<div data-elementor-type=\"wp-page\" data-elementor-id=\"4963\" class=\"elementor elementor-4963\" data-elementor-post-type=\"page\">\n\t\t\t\t<div class=\"elementor-element elementor-element-ae74ff4 e-flex e-con-boxed e-con e-parent\" data-id=\"ae74ff4\" data-element_type=\"container\">\n\t\t\t\t\t<div class=\"e-con-inner\">\n\t\t\t\t<div class=\"elementor-element elementor-element-ca40926 elementor-widget elementor-widget-heading\" data-id=\"ca40926\" data-element_type=\"widget\" data-widget_type=\"heading.default\">\n\t\t\t\t\t<h1 class=\"elementor-heading-title elementor-size-default\">Datenschutzbestimmungen<\/h1>\t\t\t\t<\/div>\n\t\t\t\t<div class=\"elementor-element elementor-element-657f30e elementor-widget__width-initial elementor-widget elementor-widget-text-editor\" data-id=\"657f30e\" data-element_type=\"widget\" data-widget_type=\"text-editor.default\">\n\t\t\t\t\t\t\t\t\t<p>TOQUARTZ\u00ae sch\u00e4tzt und respektiert Ihre Privatsph\u00e4re und den Zweck, f\u00fcr den Sie sich entschieden haben, uns Ihre pers\u00f6nlichen Daten zur Verf\u00fcgung zu stellen. Wir verpflichten uns, die Vertraulichkeit Ihrer Daten zu wahren und geben die \u00fcber unsere Website gesammelten Daten nicht an Dritte weiter, verkaufen oder vermieten sie nicht. Wir beabsichtigen nicht, dies in Zukunft zu tun.<\/p>\t\t\t\t\t\t\t\t<\/div>\n\t\t<div class=\"elementor-element elementor-element-317439e e-con-full e-flex e-con e-child\" data-id=\"317439e\" data-element_type=\"container\">\n\t\t\t\t<div class=\"elementor-element elementor-element-5365d00 elementor-widget elementor-widget-heading\" data-id=\"5365d00\" data-element_type=\"widget\" data-widget_type=\"heading.default\">\n\t\t\t\t\t<h2 class=\"elementor-heading-title elementor-size-default\">Gesammelte Informationen<\/h2>\t\t\t\t<\/div>\n\t\t\t\t<div class=\"elementor-element elementor-element-150feeb elementor-widget elementor-widget-text-editor\" data-id=\"150feeb\" data-element_type=\"widget\" data-widget_type=\"text-editor.default\">\n\t\t\t\t\t\t\t\t\t<p>Wenn Sie TOQUARTZ Informationen \u00fcbermitteln, sei es per E-Mail \u00fcber einen \"mail to:\"-Link oder durch Ausf\u00fcllen eines Kontaktformulars auf unserer Website, k\u00f6nnen wir Ihre E-Mail-Adresse und andere von Ihnen freiwillig angegebene Informationen speichern. Diese Daten k\u00f6nnen verwendet werden, um Sie per E-Mail, Telefon oder Post zu kontaktieren und Ihnen Informationen \u00fcber TOQUARTZ-Dienste oder -L\u00f6sungen zukommen zu lassen, von denen wir glauben, dass sie f\u00fcr Sie von Interesse sein k\u00f6nnten. Wir werden Ihre E-Mail-Adresse oder andere pers\u00f6nliche Informationen, die Sie uns zur Verf\u00fcgung stellen, nicht an Dritte verkaufen.<\/p>\t\t\t\t\t\t\t\t<\/div>\n\t\t\t\t<\/div>\n\t\t<div class=\"elementor-element elementor-element-dce8869 e-con-full e-flex e-con e-child\" data-id=\"dce8869\" data-element_type=\"container\">\n\t\t\t\t<div class=\"elementor-element elementor-element-2eace8b elementor-widget elementor-widget-heading\" data-id=\"2eace8b\" data-element_type=\"widget\" data-widget_type=\"heading.default\">\n\t\t\t\t\t<h2 class=\"elementor-heading-title elementor-size-default\">Von anderen gesammelte Informationen<\/h2>\t\t\t\t<\/div>\n\t\t\t\t<div class=\"elementor-element elementor-element-97c3ccc elementor-widget elementor-widget-text-editor\" data-id=\"97c3ccc\" data-element_type=\"widget\" data-widget_type=\"text-editor.default\">\n\t\t\t\t\t\t\t\t\t<p>Diese Datenschutzrichtlinie gilt ausschlie\u00dflich f\u00fcr die TOQUARTZ-Website und nicht f\u00fcr externe Websites, die von unseren Seiten aus verlinkt werden k\u00f6nnen. TOQUARTZ ist nicht verantwortlich f\u00fcr die Datenschutzrichtlinien, -praktiken oder -inhalte anderer Websites, einschlie\u00dflich solcher, die mit unserer Website verlinkt sind. Diese externen Links werden nur zu Informationszwecken zur Verf\u00fcgung gestellt, und wir raten allen Nutzern, die Datenschutzrichtlinien jeder anderen Website, die sie besuchen, zu lesen.<\/p>\t\t\t\t\t\t\t\t<\/div>\n\t\t\t\t<\/div>\n\t\t<div class=\"elementor-element elementor-element-ae11d5e e-con-full e-flex e-con e-child\" data-id=\"ae11d5e\" data-element_type=\"container\">\n\t\t\t\t<div class=\"elementor-element elementor-element-215ec71 elementor-widget elementor-widget-heading\" data-id=\"215ec71\" data-element_type=\"widget\" data-widget_type=\"heading.default\">\n\t\t\t\t\t<h2 class=\"elementor-heading-title elementor-size-default\">Cookies<\/h2>\t\t\t\t<\/div>\n\t\t\t\t<div class=\"elementor-element elementor-element-255de95 elementor-widget elementor-widget-text-editor\" data-id=\"255de95\" data-element_type=\"widget\" data-widget_type=\"text-editor.default\">\n\t\t\t\t\t\t\t\t\t<p>TOQUARTZ verwendet derzeit keine Cookies und setzt auch keine Cookie-basierten Tracking-Systeme auf seiner Website ein.<\/p>\t\t\t\t\t\t\t\t<\/div>\n\t\t\t\t<\/div>\n\t\t<div class=\"elementor-element elementor-element-06d22e1 e-con-full e-flex e-con e-child\" data-id=\"06d22e1\" data-element_type=\"container\">\n\t\t\t\t<div class=\"elementor-element elementor-element-9a1dbbe elementor-widget elementor-widget-heading\" data-id=\"9a1dbbe\" data-element_type=\"widget\" data-widget_type=\"heading.default\">\n\t\t\t\t\t<h2 class=\"elementor-heading-title elementor-size-default\">Aktualisieren, Korrigieren oder L\u00f6schen von pers\u00f6nlichen Informationen<\/h2>\t\t\t\t<\/div>\n\t\t\t\t<div class=\"elementor-element elementor-element-61d9e5f elementor-widget elementor-widget-text-editor\" data-id=\"61d9e5f\" data-element_type=\"widget\" data-widget_type=\"text-editor.default\">\n\t\t\t\t\t\t\t\t\t<p>Wenn Sie pers\u00f6nliche Daten, die Sie TOQUARTZ zuvor zur Verf\u00fcgung gestellt haben, aktualisieren, korrigieren oder deren L\u00f6schung beantragen m\u00f6chten, senden Sie bitte eine E-Mail mit dem Betreff \"Remove personal information\" an die auf unserer Website angegebene Kontaktadresse. Wir werden angemessene Schritte unternehmen, um Ihrer Anfrage zeitnah nachzukommen.<\/p>\t\t\t\t\t\t\t\t<\/div>\n\t\t\t\t<\/div>\n\t\t<div class=\"elementor-element elementor-element-a7922ae e-con-full e-flex e-con e-child\" data-id=\"a7922ae\" data-element_type=\"container\">\n\t\t\t\t<div class=\"elementor-element elementor-element-f8f5e5e elementor-widget elementor-widget-heading\" data-id=\"f8f5e5e\" data-element_type=\"widget\" data-widget_type=\"heading.default\">\n\t\t\t\t\t<h2 class=\"elementor-heading-title elementor-size-default\">Gesetzlich vorgeschriebene Offenlegung von Informationen<\/h2>\t\t\t\t<\/div>\n\t\t\t\t<div class=\"elementor-element elementor-element-1965248 elementor-widget elementor-widget-text-editor\" data-id=\"1965248\" data-element_type=\"widget\" data-widget_type=\"text-editor.default\">\n\t\t\t\t\t\t\t\t\t<p>TOQUARTZ kann pers\u00f6nliche Daten offenlegen, wenn dies gesetzlich vorgeschrieben ist oder wenn wir in gutem Glauben davon ausgehen, dass eine solche Ma\u00dfnahme notwendig ist, um gesetzlichen Verpflichtungen nachzukommen oder unsere Rechte zu sch\u00fctzen.<\/p>\t\t\t\t\t\t\t\t<\/div>\n\t\t\t\t<\/div>\n\t\t<div class=\"elementor-element elementor-element-b6934cd e-con-full e-flex e-con e-child\" data-id=\"b6934cd\" data-element_type=\"container\">\n\t\t\t\t<div class=\"elementor-element elementor-element-f3c4a34 elementor-widget elementor-widget-heading\" data-id=\"f3c4a34\" data-element_type=\"widget\" data-widget_type=\"heading.default\">\n\t\t\t\t\t<h2 class=\"elementor-heading-title elementor-size-default\">Regelm\u00e4\u00dfige \u00c4nderungen der Politik<\/h2>\t\t\t\t<\/div>\n\t\t\t\t<div class=\"elementor-element elementor-element-70ec426 elementor-widget elementor-widget-text-editor\" data-id=\"70ec426\" data-element_type=\"widget\" data-widget_type=\"text-editor.default\">\n\t\t\t\t\t\t\t\t\t<p>Bitte beachten Sie, dass TOQUARTZ diese Datenschutzrichtlinie von Zeit zu Zeit aktualisieren oder \u00e4ndern kann, um \u00c4nderungen der gesetzlichen Bestimmungen, unserer Datenverarbeitungspraktiken oder des technischen Fortschritts Rechnung zu tragen. Wir empfehlen Ihnen, diese Seite als Lesezeichen zu speichern und sie regelm\u00e4\u00dfig zu lesen, um dar\u00fcber informiert zu bleiben, wie wir Ihre Daten sch\u00fctzen.<\/p>\t\t\t\t\t\t\t\t<\/div>\n\t\t\t\t<\/div>\n\t\t<div class=\"elementor-element elementor-element-d2cd8c4 e-con-full e-flex e-con e-child\" data-id=\"d2cd8c4\" data-element_type=\"container\">\n\t\t\t\t<div class=\"elementor-element elementor-element-1e6f68e elementor-widget elementor-widget-heading\" data-id=\"1e6f68e\" data-element_type=\"widget\" data-widget_type=\"heading.default\">\n\t\t\t\t\t<h2 class=\"elementor-heading-title elementor-size-default\">Datum des Inkrafttretens<\/h2>\t\t\t\t<\/div>\n\t\t\t\t<div class=\"elementor-element elementor-element-10eff7b elementor-widget elementor-widget-text-editor\" data-id=\"10eff7b\" data-element_type=\"widget\" data-widget_type=\"text-editor.default\">\n\t\t\t\t\t\t\t\t\t<p>Diese Erkl\u00e4rung wird im Namen von TOQUARTZ herausgegeben und ist ab dem 1. Mai 2012 g\u00fcltig. Bitte beachten Sie, dass diese Datenschutzrichtlinie keine rechtsverbindliche Vereinbarung darstellt, sondern als Erkl\u00e4rung unserer Praktiken und Absichten gedacht ist.<\/p>\t\t\t\t\t\t\t\t<\/div>\n\t\t\t\t<\/div>\n\t\t\t\t\t<\/div>\n\t\t\t\t<\/div>\n\t\t\t\t<\/div>","protected":false},"excerpt":{"rendered":"<p>Datenschutz TOQUARTZ\u00ae sch\u00e4tzt und respektiert Ihre Privatsph\u00e4re und den Zweck, zu dem Sie uns Ihre Daten zur Verf\u00fcgung stellen [...]<\/p>","protected":false},"author":2,"featured_media":4964,"parent":0,"menu_order":0,"comment_status":"closed","ping_status":"closed","template":"elementor_header_footer","meta":{"_acf_changed":false,"site-sidebar-layout":"no-sidebar","site-content-layout":"","ast-site-content-layout":"full-width-container","site-content-style":"default","site-sidebar-style":"default","ast-global-header-display":"","ast-banner-title-visibility":"","ast-main-header-display":"","ast-hfb-above-header-display":"","ast-hfb-below-header-display":"","ast-hfb-mobile-header-display":"","site-post-title":"disabled","ast-breadcrumbs-content":"","ast-featured-img":"disabled","footer-sml-layout":"","theme-transparent-header-meta":"default","adv-header-id-meta":"","stick-header-meta":"default","header-above-stick-meta":"","header-main-stick-meta":"","header-below-stick-meta":"","astra-migrate-meta-layouts":"set","ast-page-background-enabled":"default","ast-page-background-meta":{"desktop":{"background-color":"var(--ast-global-color-5)","background-image":"","background-repeat":"repeat","background-position":"center center","background-size":"auto","background-attachment":"scroll","background-type":"","background-media":"","overlay-type":"","overlay-color":"","overlay-opacity":"","overlay-gradient":""},"tablet":{"background-color":"","background-image":"","background-repeat":"repeat","background-position":"center center","background-size":"auto","background-attachment":"scroll","background-type":"","background-media":"","overlay-type":"","overlay-color":"","overlay-opacity":"","overlay-gradient":""},"mobile":{"background-color":"","background-image":"","background-repeat":"repeat","background-position":"center center","background-size":"auto","background-attachment":"scroll","background-type":"","background-media":"","overlay-type":"","overlay-color":"","overlay-opacity":"","overlay-gradient":""}},"ast-content-background-meta":{"desktop":{"background-color":"var(--ast-global-color-4)","background-image":"","background-repeat":"repeat","background-position":"center center","background-size":"auto","background-attachment":"scroll","background-type":"","background-media":"","overlay-type":"","overlay-color":"","overlay-opacity":"","overlay-gradient":""},"tablet":{"background-color":"var(--ast-global-color-4)","background-image":"","background-repeat":"repeat","background-position":"center center","background-size":"auto","background-attachment":"scroll","background-type":"","background-media":"","overlay-type":"","overlay-color":"","overlay-opacity":"","overlay-gradient":""},"mobile":{"background-color":"var(--ast-global-color-4)","background-image":"","background-repeat":"repeat","background-position":"center center","background-size":"auto","background-attachment":"scroll","background-type":"","background-media":"","overlay-type":"","overlay-color":"","overlay-opacity":"","overlay-gradient":""}},"footnotes":""},"class_list":["post-4963","page","type-page","status-publish","has-post-thumbnail","hentry"],"acf":[],"yoast_head":"<!-- This site is optimized with the Yoast SEO Premium plugin v25.4 (Yoast SEO v25.4) - https:\/\/yoast.com\/wordpress\/plugins\/seo\/ -->\n<title>Privacy Policy \u2013 TOQUARTZ<\/title>\n<meta name=\"description\" content=\"TOQUARTZ\u00ae values your privacy, acknowledges your trust, and does not share collected data with third parties.\" \/>\n<meta name=\"robots\" content=\"index, follow, max-snippet:-1, max-image-preview:large, max-video-preview:-1\" \/>\n<link rel=\"canonical\" href=\"https:\/\/toquartz.com\/de\/privacy-policy\/\" \/>\n<meta property=\"og:locale\" content=\"de_DE\" \/>\n<meta property=\"og:type\" content=\"article\" \/>\n<meta property=\"og:title\" content=\"Privacy Policy\" \/>\n<meta property=\"og:description\" content=\"TOQUARTZ\u00ae values your privacy, acknowledges your trust, and does not share collected data with third parties.\" \/>\n<meta property=\"og:url\" content=\"https:\/\/toquartz.com\/de\/privacy-policy\/\" \/>\n<meta property=\"og:site_name\" content=\"TOQUARTZ: Quartz Glass Solution\" \/>\n<meta property=\"article:modified_time\" content=\"2025-09-29T03:30:11+00:00\" \/>\n<meta property=\"og:image\" content=\"https:\/\/toquartz.com\/wp-content\/uploads\/2025\/05\/TOQUARTZ.webp\" \/>\n\t<meta property=\"og:image:width\" content=\"1280\" \/>\n\t<meta property=\"og:image:height\" content=\"1280\" \/>\n\t<meta property=\"og:image:type\" content=\"image\/webp\" \/>\n<meta name=\"twitter:card\" content=\"summary_large_image\" \/>\n<meta name=\"twitter:label1\" content=\"Gesch\u00e4tzte Lesezeit\" \/>\n\t<meta name=\"twitter:data1\" content=\"3\u00a0Minuten\" \/>\n<script type=\"application\/ld+json\" class=\"yoast-schema-graph\">{\"@context\":\"https:\/\/schema.org\",\"@graph\":[{\"@type\":\"WebPage\",\"@id\":\"https:\/\/toquartz.com\/privacy-policy\/\",\"url\":\"https:\/\/toquartz.com\/privacy-policy\/\",\"name\":\"Privacy Policy \u2013 TOQUARTZ\",\"isPartOf\":{\"@id\":\"https:\/\/toquartz.com\/#website\"},\"primaryImageOfPage\":{\"@id\":\"https:\/\/toquartz.com\/privacy-policy\/#primaryimage\"},\"image\":{\"@id\":\"https:\/\/toquartz.com\/privacy-policy\/#primaryimage\"},\"thumbnailUrl\":\"https:\/\/toquartz.com\/wp-content\/uploads\/2025\/05\/TOQUARTZ.webp\",\"datePublished\":\"2025-05-30T06:06:33+00:00\",\"dateModified\":\"2025-09-29T03:30:11+00:00\",\"description\":\"TOQUARTZ\u00ae values your privacy, acknowledges your trust, and does not share collected data with third parties.\",\"breadcrumb\":{\"@id\":\"https:\/\/toquartz.com\/privacy-policy\/#breadcrumb\"},\"inLanguage\":\"de\",\"potentialAction\":[{\"@type\":\"ReadAction\",\"target\":[\"https:\/\/toquartz.com\/privacy-policy\/\"]}]},{\"@type\":\"ImageObject\",\"inLanguage\":\"de\",\"@id\":\"https:\/\/toquartz.com\/privacy-policy\/#primaryimage\",\"url\":\"https:\/\/toquartz.com\/wp-content\/uploads\/2025\/05\/TOQUARTZ.webp\",\"contentUrl\":\"https:\/\/toquartz.com\/wp-content\/uploads\/2025\/05\/TOQUARTZ.webp\",\"width\":1280,\"height\":1280,\"caption\":\"TOQUARTZ\"},{\"@type\":\"BreadcrumbList\",\"@id\":\"https:\/\/toquartz.com\/privacy-policy\/#breadcrumb\",\"itemListElement\":[{\"@type\":\"ListItem\",\"position\":1,\"name\":\"Home\",\"item\":\"https:\/\/toquartz.com\/\"},{\"@type\":\"ListItem\",\"position\":2,\"name\":\"Privacy Policy\"}]},{\"@type\":\"WebSite\",\"@id\":\"https:\/\/toquartz.com\/#website\",\"url\":\"https:\/\/toquartz.com\/\",\"name\":\"TOQUARTZ\",\"description\":\"\",\"publisher\":{\"@id\":\"https:\/\/toquartz.com\/#organization\"},\"potentialAction\":[{\"@type\":\"SearchAction\",\"target\":{\"@type\":\"EntryPoint\",\"urlTemplate\":\"https:\/\/toquartz.com\/?s={search_term_string}\"},\"query-input\":{\"@type\":\"PropertyValueSpecification\",\"valueRequired\":true,\"valueName\":\"search_term_string\"}}],\"inLanguage\":\"de\"},{\"@type\":\"Organization\",\"@id\":\"https:\/\/toquartz.com\/#organization\",\"name\":\"TOQUARTZ\",\"url\":\"https:\/\/toquartz.com\/\",\"logo\":{\"@type\":\"ImageObject\",\"inLanguage\":\"de\",\"@id\":\"https:\/\/toquartz.com\/#\/schema\/logo\/image\/\",\"url\":\"https:\/\/toquartz.com\/wp-content\/uploads\/2025\/02\/logo-2.png\",\"contentUrl\":\"https:\/\/toquartz.com\/wp-content\/uploads\/2025\/02\/logo-2.png\",\"width\":583,\"height\":151,\"caption\":\"TOQUARTZ\"},\"image\":{\"@id\":\"https:\/\/toquartz.com\/#\/schema\/logo\/image\/\"}}]}<\/script>\n<!-- \/ Yoast SEO Premium plugin. -->","yoast_head_json":{"title":"Datenschutzerkl\u00e4rung - TOQUARTZ","description":"TOQUARTZ\u00ae sch\u00e4tzt Ihre Privatsph\u00e4re, erkennt Ihr Vertrauen an und gibt die gesammelten Daten nicht an Dritte weiter.","robots":{"index":"index","follow":"follow","max-snippet":"max-snippet:-1","max-image-preview":"max-image-preview:large","max-video-preview":"max-video-preview:-1"},"canonical":"https:\/\/toquartz.com\/de\/privacy-policy\/","og_locale":"de_DE","og_type":"article","og_title":"Privacy Policy","og_description":"TOQUARTZ\u00ae values your privacy, acknowledges your trust, and does not share collected data with third parties.","og_url":"https:\/\/toquartz.com\/de\/privacy-policy\/","og_site_name":"TOQUARTZ: Quartz Glass Solution","article_modified_time":"2025-09-29T03:30:11+00:00","og_image":[{"width":1280,"height":1280,"url":"https:\/\/toquartz.com\/wp-content\/uploads\/2025\/05\/TOQUARTZ.webp","type":"image\/webp"}],"twitter_card":"summary_large_image","twitter_misc":{"Gesch\u00e4tzte Lesezeit":"3\u00a0Minuten"},"schema":{"@context":"https:\/\/schema.org","@graph":[{"@type":"WebPage","@id":"https:\/\/toquartz.com\/privacy-policy\/","url":"https:\/\/toquartz.com\/privacy-policy\/","name":"Datenschutzerkl\u00e4rung - TOQUARTZ","isPartOf":{"@id":"https:\/\/toquartz.com\/#website"},"primaryImageOfPage":{"@id":"https:\/\/toquartz.com\/privacy-policy\/#primaryimage"},"image":{"@id":"https:\/\/toquartz.com\/privacy-policy\/#primaryimage"},"thumbnailUrl":"https:\/\/toquartz.com\/wp-content\/uploads\/2025\/05\/TOQUARTZ.webp","datePublished":"2025-05-30T06:06:33+00:00","dateModified":"2025-09-29T03:30:11+00:00","description":"TOQUARTZ\u00ae sch\u00e4tzt Ihre Privatsph\u00e4re, erkennt Ihr Vertrauen an und gibt die gesammelten Daten nicht an Dritte weiter.","breadcrumb":{"@id":"https:\/\/toquartz.com\/privacy-policy\/#breadcrumb"},"inLanguage":"de","potentialAction":[{"@type":"ReadAction","target":["https:\/\/toquartz.com\/privacy-policy\/"]}]},{"@type":"ImageObject","inLanguage":"de","@id":"https:\/\/toquartz.com\/privacy-policy\/#primaryimage","url":"https:\/\/toquartz.com\/wp-content\/uploads\/2025\/05\/TOQUARTZ.webp","contentUrl":"https:\/\/toquartz.com\/wp-content\/uploads\/2025\/05\/TOQUARTZ.webp","width":1280,"height":1280,"caption":"TOQUARTZ"},{"@type":"BreadcrumbList","@id":"https:\/\/toquartz.com\/privacy-policy\/#breadcrumb","itemListElement":[{"@type":"ListItem","position":1,"name":"Home","item":"https:\/\/toquartz.com\/"},{"@type":"ListItem","position":2,"name":"Privacy Policy"}]},{"@type":"WebSite","@id":"https:\/\/toquartz.com\/#website","url":"https:\/\/toquartz.com\/","name":"TOQUARTZ","description":"","publisher":{"@id":"https:\/\/toquartz.com\/#organization"},"potentialAction":[{"@type":"SearchAction","target":{"@type":"EntryPoint","urlTemplate":"https:\/\/toquartz.com\/?s={search_term_string}"},"query-input":{"@type":"PropertyValueSpecification","valueRequired":true,"valueName":"search_term_string"}}],"inLanguage":"de"},{"@type":"Organization","@id":"https:\/\/toquartz.com\/#organization","name":"TOQUARTZ","url":"https:\/\/toquartz.com\/","logo":{"@type":"ImageObject","inLanguage":"de","@id":"https:\/\/toquartz.com\/#\/schema\/logo\/image\/","url":"https:\/\/toquartz.com\/wp-content\/uploads\/2025\/02\/logo-2.png","contentUrl":"https:\/\/toquartz.com\/wp-content\/uploads\/2025\/02\/logo-2.png","width":583,"height":151,"caption":"TOQUARTZ"},"image":{"@id":"https:\/\/toquartz.com\/#\/schema\/logo\/image\/"}}]}},"_links":{"self":[{"href":"https:\/\/toquartz.com\/de\/wp-json\/wp\/v2\/pages\/4963","targetHints":{"allow":["GET"]}}],"collection":[{"href":"https:\/\/toquartz.com\/de\/wp-json\/wp\/v2\/pages"}],"about":[{"href":"https:\/\/toquartz.com\/de\/wp-json\/wp\/v2\/types\/page"}],"author":[{"embeddable":true,"href":"https:\/\/toquartz.com\/de\/wp-json\/wp\/v2\/users\/2"}],"replies":[{"embeddable":true,"href":"https:\/\/toquartz.com\/de\/wp-json\/wp\/v2\/comments?post=4963"}],"version-history":[{"count":11,"href":"https:\/\/toquartz.com\/de\/wp-json\/wp\/v2\/pages\/4963\/revisions"}],"predecessor-version":[{"id":4976,"href":"https:\/\/toquartz.com\/de\/wp-json\/wp\/v2\/pages\/4963\/revisions\/4976"}],"wp:featuredmedia":[{"embeddable":true,"href":"https:\/\/toquartz.com\/de\/wp-json\/wp\/v2\/media\/4964"}],"wp:attachment":[{"href":"https:\/\/toquartz.com\/de\/wp-json\/wp\/v2\/media?parent=4963"}],"curies":[{"name":"wp","href":"https:\/\/api.w.org\/{rel}","templated":true}]}}